{"id":16,"date":"2017-12-19T13:29:36","date_gmt":"2017-12-19T13:29:36","guid":{"rendered":"https:\/\/demo.axlethemes.com\/x-corporate-pro\/?page_id=16"},"modified":"2021-07-06T14:23:50","modified_gmt":"2021-07-06T14:23:50","slug":"services","status":"publish","type":"page","link":"https:\/\/ydjconsultingservices.com\/en\/services","title":{"rendered":"SERVICES"},"content":{"rendered":"<div data-elementor-type=\"wp-page\" data-elementor-id=\"16\" class=\"elementor elementor-16\">\n\t\t\t\t\t\t<section class=\"elementor-section elementor-top-section elementor-element elementor-element-58b0effa elementor-section-boxed elementor-section-height-default elementor-section-height-default\" data-id=\"58b0effa\" data-element_type=\"section\" data-e-type=\"section\">\n\t\t\t\t\t\t<div class=\"elementor-container elementor-column-gap-default\">\n\t\t\t\t\t<div class=\"elementor-column elementor-col-100 elementor-top-column elementor-element elementor-element-7cd13c65\" data-id=\"7cd13c65\" data-element_type=\"column\" data-e-type=\"column\">\n\t\t\t<div class=\"elementor-widget-wrap elementor-element-populated\">\n\t\t\t\t\t\t<div class=\"elementor-element elementor-element-66d2f5a3 elementor-widget elementor-widget-text-editor\" data-id=\"66d2f5a3\" data-element_type=\"widget\" data-e-type=\"widget\" data-widget_type=\"text-editor.default\">\n\t\t\t\t<div class=\"elementor-widget-container\">\n\t\t\t\t\t\t\t\t\t<p>Our main services are as follows:<\/p><p><span data-sheets-value=\"{\" data-sheets-userformat=\"{\" data-sheets-textstyleruns=\"{\">*<strong>Mental Health Consultation<\/strong> : \u00c0 l\u2019aide des approches et techniques \u00e9clectiques et holistiques, accompagner les clients \u00e0 trouver des solutions \u00e0 leurs conflits relationnels, \u00e0 l\u2019anxi\u00e9t\u00e9, \u00e0 la gestion de stress afin de renforcer leur r\u00e9silience face aux diff\u00e9rents d\u00e9fis rencontr\u00e9s au niveau personnel, professionnel, familial et en couple. <\/span><\/p><p><span data-sheets-value=\"{\" data-sheets-userformat=\"{\" data-sheets-textstyleruns=\"{\">*<strong>La recherche<\/strong> : La recherche qualitative et quantitative dans les secteurs de l&#8217;immigration, de la sant\u00e9 , du d\u00e9veloppement \u00e9conomique, de l&#8217;\u00e9ducation et autres selon la demande. <\/span><\/p><p><span data-sheets-value=\"{\" data-sheets-userformat=\"{\" data-sheets-textstyleruns=\"{\">*<strong>Les ateliers<\/strong>: Animation des ateliers, des forums et\u00a0 des rencontres professionnelles.<\/span><\/p>\t\t\t\t\t\t\t\t<\/div>\n\t\t\t\t<\/div>\n\t\t\t\t\t<\/div>\n\t\t<\/div>\n\t\t\t\t\t<\/div>\n\t\t<\/section>\n\t\t\t\t<\/div>","protected":false},"excerpt":{"rendered":"<p>Nos principaux services se d\u00e9clinent comme suit: *La consultation en sant\u00e9 mentale : \u00c0 l\u2019aide des approches et techniques \u00e9clectiques et holistiques, accompagner les clients \u00e0 trouver des solutions \u00e0 leurs conflits relationnels, \u00e0 l\u2019anxi\u00e9t\u00e9, \u00e0 la gestion de stress afin de renforcer leur r\u00e9silience face aux diff\u00e9rents d\u00e9fis rencontr\u00e9s au niveau personnel, professionnel, familial [&hellip;]<\/p>\n","protected":false},"author":1,"featured_media":571,"parent":0,"menu_order":0,"comment_status":"closed","ping_status":"closed","template":"","meta":{"nf_dc_page":"","om_disable_all_campaigns":false,"_monsterinsights_skip_tracking":false,"_monsterinsights_sitenote_active":false,"_monsterinsights_sitenote_note":"","_monsterinsights_sitenote_category":0,"footnotes":""},"class_list":["post-16","page","type-page","status-publish","has-post-thumbnail","hentry"],"jetpack_sharing_enabled":true,"_links":{"self":[{"href":"https:\/\/ydjconsultingservices.com\/en\/wp-json\/wp\/v2\/pages\/16","targetHints":{"allow":["GET"]}}],"collection":[{"href":"https:\/\/ydjconsultingservices.com\/en\/wp-json\/wp\/v2\/pages"}],"about":[{"href":"https:\/\/ydjconsultingservices.com\/en\/wp-json\/wp\/v2\/types\/page"}],"author":[{"embeddable":true,"href":"https:\/\/ydjconsultingservices.com\/en\/wp-json\/wp\/v2\/users\/1"}],"replies":[{"embeddable":true,"href":"https:\/\/ydjconsultingservices.com\/en\/wp-json\/wp\/v2\/comments?post=16"}],"version-history":[{"count":5,"href":"https:\/\/ydjconsultingservices.com\/en\/wp-json\/wp\/v2\/pages\/16\/revisions"}],"predecessor-version":[{"id":716,"href":"https:\/\/ydjconsultingservices.com\/en\/wp-json\/wp\/v2\/pages\/16\/revisions\/716"}],"wp:featuredmedia":[{"embeddable":true,"href":"https:\/\/ydjconsultingservices.com\/en\/wp-json\/wp\/v2\/media\/571"}],"wp:attachment":[{"href":"https:\/\/ydjconsultingservices.com\/en\/wp-json\/wp\/v2\/media?parent=16"}],"curies":[{"name":"wp","href":"https:\/\/api.w.org\/{rel}","templated":true}]}}