{"id":272,"date":"2017-12-19T13:28:44","date_gmt":"2017-12-19T13:28:44","guid":{"rendered":"https:\/\/demo.axlethemes.com\/x-corporate-pro\/?page_id=6"},"modified":"2021-07-06T13:59:32","modified_gmt":"2021-07-06T13:59:32","slug":"a-propos-de-nous%e2%80%8b","status":"publish","type":"page","link":"https:\/\/ydjconsultingservices.com\/en\/a-propos-de-nous%e2%80%8b","title":{"rendered":"\u00c0 propos de nous\u200b"},"content":{"rendered":"\t\t<div data-elementor-type=\"wp-page\" data-elementor-id=\"272\" class=\"elementor elementor-272\">\n\t\t\t\t\t\t<section class=\"elementor-section elementor-top-section elementor-element elementor-element-9b7c48c elementor-section-full_width elementor-section-stretched elementor-section-height-default elementor-section-height-default\" data-id=\"9b7c48c\" data-element_type=\"section\" data-e-type=\"section\" data-settings=\"{&quot;stretch_section&quot;:&quot;section-stretched&quot;,&quot;background_background&quot;:&quot;slideshow&quot;,&quot;background_slideshow_gallery&quot;:[{&quot;id&quot;:378,&quot;url&quot;:&quot;https:\\\/\\\/ydjconsultingservices.com\\\/wp-content\\\/uploads\\\/2021\\\/02\\\/3-1.png&quot;},{&quot;id&quot;:557,&quot;url&quot;:&quot;https:\\\/\\\/ydjconsultingservices.com\\\/wp-content\\\/uploads\\\/2021\\\/06\\\/1.png&quot;},{&quot;id&quot;:559,&quot;url&quot;:&quot;https:\\\/\\\/ydjconsultingservices.com\\\/wp-content\\\/uploads\\\/2021\\\/06\\\/3.png&quot;}],&quot;background_slideshow_ken_burns&quot;:&quot;yes&quot;,&quot;background_slideshow_loop&quot;:&quot;yes&quot;,&quot;background_slideshow_slide_duration&quot;:5000,&quot;background_slideshow_slide_transition&quot;:&quot;fade&quot;,&quot;background_slideshow_transition_duration&quot;:500,&quot;background_slideshow_ken_burns_zoom_direction&quot;:&quot;in&quot;}\">\n\t\t\t\t\t\t\t<div class=\"elementor-background-overlay\"><\/div>\n\t\t\t\t\t\t\t<div class=\"elementor-container elementor-column-gap-no\">\n\t\t\t\t\t<div class=\"elementor-column elementor-col-100 elementor-top-column elementor-element elementor-element-a69f25d\" data-id=\"a69f25d\" data-element_type=\"column\" data-e-type=\"column\">\n\t\t\t<div class=\"elementor-widget-wrap elementor-element-populated\">\n\t\t\t\t\t\t<div class=\"elementor-element elementor-element-c7a94c7 elementor-widget elementor-widget-heading\" data-id=\"c7a94c7\" data-element_type=\"widget\" data-e-type=\"widget\" data-widget_type=\"heading.default\">\n\t\t\t\t<div class=\"elementor-widget-container\">\n\t\t\t\t\t<h2 class=\"elementor-heading-title elementor-size-default\">\u00c0 propos de nous<\/h2>\t\t\t\t<\/div>\n\t\t\t\t<\/div>\n\t\t\t\t\t<\/div>\n\t\t<\/div>\n\t\t\t\t\t<\/div>\n\t\t<\/section>\n\t\t\t\t<section class=\"elementor-section elementor-top-section elementor-element elementor-element-a6a409b elementor-section-full_width elementor-section-stretched elementor-section-height-default elementor-section-height-default elementor-invisible\" data-id=\"a6a409b\" data-element_type=\"section\" data-e-type=\"section\" data-settings=\"{&quot;stretch_section&quot;:&quot;section-stretched&quot;,&quot;animation&quot;:&quot;fadeInDown&quot;}\">\n\t\t\t\t\t\t<div class=\"elementor-container elementor-column-gap-wide\">\n\t\t\t\t\t<div class=\"elementor-column elementor-col-100 elementor-top-column elementor-element elementor-element-cfe32b7\" data-id=\"cfe32b7\" data-element_type=\"column\" data-e-type=\"column\">\n\t\t\t<div class=\"elementor-widget-wrap\">\n\t\t\t\t\t\t\t<\/div>\n\t\t<\/div>\n\t\t\t\t\t<\/div>\n\t\t<\/section>\n\t\t\t\t<section class=\"elementor-section elementor-top-section elementor-element elementor-element-5b540ad4 elementor-section-content-middle elementor-section-stretched elementor-section-boxed elementor-section-height-default elementor-section-height-default\" data-id=\"5b540ad4\" data-element_type=\"section\" data-e-type=\"section\" data-settings=\"{&quot;background_background&quot;:&quot;classic&quot;,&quot;stretch_section&quot;:&quot;section-stretched&quot;}\">\n\t\t\t\t\t\t<div class=\"elementor-container elementor-column-gap-no\">\n\t\t\t\t\t<div class=\"elementor-column elementor-col-100 elementor-top-column elementor-element elementor-element-168c2d67\" data-id=\"168c2d67\" data-element_type=\"column\" data-e-type=\"column\">\n\t\t\t<div class=\"elementor-widget-wrap elementor-element-populated\">\n\t\t\t\t\t\t<div class=\"elementor-element elementor-element-70e530c5 elementor-widget elementor-widget-heading\" data-id=\"70e530c5\" data-element_type=\"widget\" data-e-type=\"widget\" data-widget_type=\"heading.default\">\n\t\t\t\t<div class=\"elementor-widget-container\">\n\t\t\t\t\t<h4 class=\"elementor-heading-title elementor-size-default\">Profitez de notre exp\u00e9rience, nos comp\u00e9tences et notre capacit\u00e9 \u00e0 vous offrir un service sur mesure.<\/h4>\t\t\t\t<\/div>\n\t\t\t\t<\/div>\n\t\t\t\t<div class=\"elementor-element elementor-element-66f57af2 elementor-widget elementor-widget-text-editor\" data-id=\"66f57af2\" data-element_type=\"widget\" data-e-type=\"widget\" data-widget_type=\"text-editor.default\">\n\t\t\t\t<div class=\"elementor-widget-container\">\n\t\t\t\t\t\t\t\t\t<p><span data-sheets-value=\"{\" data-sheets-userformat=\"{\">YDMP Consulting est une entreprise priv\u00e9e de consultation avec plus de 15 ans d\u2019exp\u00e9rience dans le d\u00e9veloppement \u00e9conomique et les relations avec les groupes minoritaires bilingues et francophones. <\/span><\/p><p>YDMP Consulting a une expertise en d\u00e9veloppement \u00e9conomique et entreprenariat avec une solide exp\u00e9rience dans la recherche, la consultation strat\u00e9gique, l\u2019animation des groupes \u00e0 but non lucratif et entreprise priv\u00e9e, demande de financement et dans le processus d\u2019approbation du financement. YDMP a une grande exp\u00e9rience dans le d\u00e9veloppement communautaire et \u00e9conomique ainsi qu\u2019\u00e0 la dynamique des groupes; dans le d\u00e9veloppement structurel et organisationnel.<\/p><p>Pour cela, YDMP Consulting a mis l\u2019emphase dans la recherche, l&#8217;animation des groupes, la gestion, la conception, la mise en \u0153uvre et l\u2019\u00e9valuation des projets ainsi que l\u2019\u00e9laboration des budgets.<\/p><p><img fetchpriority=\"high\" decoding=\"async\" data-recalc-dims=\"1\" class=\"alignnone size-medium wp-image-351\" src=\"https:\/\/i0.wp.com\/ydjconsultingservices.com\/wp-content\/uploads\/2021\/02\/2.png?resize=300%2C169&#038;ssl=1\" alt=\"\" width=\"300\" height=\"169\" srcset=\"https:\/\/i0.wp.com\/ydjconsultingservices.com\/wp-content\/uploads\/2021\/02\/2.png?w=1920&amp;ssl=1 1920w, https:\/\/i0.wp.com\/ydjconsultingservices.com\/wp-content\/uploads\/2021\/02\/2.png?resize=300%2C169&amp;ssl=1 300w, https:\/\/i0.wp.com\/ydjconsultingservices.com\/wp-content\/uploads\/2021\/02\/2.png?resize=1024%2C576&amp;ssl=1 1024w, https:\/\/i0.wp.com\/ydjconsultingservices.com\/wp-content\/uploads\/2021\/02\/2.png?resize=768%2C432&amp;ssl=1 768w, https:\/\/i0.wp.com\/ydjconsultingservices.com\/wp-content\/uploads\/2021\/02\/2.png?resize=1536%2C864&amp;ssl=1 1536w, https:\/\/i0.wp.com\/ydjconsultingservices.com\/wp-content\/uploads\/2021\/02\/2.png?resize=360%2C203&amp;ssl=1 360w, https:\/\/i0.wp.com\/ydjconsultingservices.com\/wp-content\/uploads\/2021\/02\/2.png?w=1160&amp;ssl=1 1160w, https:\/\/i0.wp.com\/ydjconsultingservices.com\/wp-content\/uploads\/2021\/02\/2.png?w=1740&amp;ssl=1 1740w\" sizes=\"(max-width: 300px) 100vw, 300px\" \/>YDMP s\u2019est aussi sp\u00e9cialis\u00e9e dans la consultation clinique en sant\u00e9 mentale. YDMP intervient aupr\u00e8s des individus, des familles des groupes et de la communaut\u00e9. \u00c0 l\u2019aide des approches et techniques \u00e9clectiques et holistiques, elle accompagne les clients \u00e0 trouver des solutions face aux d\u00e9fis qu\u2019ils rencontrent.<br \/>Voici quelques approches et techniques :<br \/>Th\u00e9rapie cognitivo- comportementale est fond\u00e9e sur une m\u00e9thode intensive de courte dur\u00e9e (de six \u00e0 vingt s\u00e9ances) ax\u00e9e sur la r\u00e9solution de probl\u00e8mes. C\u2019est une th\u00e9rapie rapide, pratique et orient\u00e9e vers un but qui permet aux clients de d\u00e9velopper \u00e0 long terme les habilet\u00e9s n\u00e9cessaires pour rester en sant\u00e9. Elle met l\u2019accent sur le moment pr\u00e9sent et les probl\u00e8mes qui surviennent au quotidien. Elle aide les clients \u00e0 examiner la fa\u00e7on<br \/>dont ils interpr\u00e8tent et \u00e9valuent ce qui se passe autour d\u2019eux et les effets de cette perception sur leur exp\u00e9rience \u00e9motionnelle. ( Neil A. Rector)<br \/>Th\u00e9rapie br\u00e8ve est une approche centr\u00e9e sur la solution elle permet au client d\u2019une part d\u2019identifier ce qui fonctionne pour lui et qu\u2019il en fasse le plus, et d\u2019autres part, de reconnaitre ce qui ne fonctionne pas et qu\u2019il en fasse le moins.<\/p>\t\t\t\t\t\t\t\t<\/div>\n\t\t\t\t<\/div>\n\t\t\t\t<section class=\"elementor-section elementor-inner-section elementor-element elementor-element-5e5c4ffa elementor-section-content-middle elementor-section-boxed elementor-section-height-default elementor-section-height-default\" data-id=\"5e5c4ffa\" data-element_type=\"section\" data-e-type=\"section\">\n\t\t\t\t\t\t<div class=\"elementor-container elementor-column-gap-no\">\n\t\t\t\t\t<div class=\"elementor-column elementor-col-100 elementor-inner-column elementor-element elementor-element-16c76864\" data-id=\"16c76864\" data-element_type=\"column\" data-e-type=\"column\">\n\t\t\t<div class=\"elementor-widget-wrap elementor-element-populated\">\n\t\t\t\t\t\t<div class=\"elementor-element elementor-element-1726e59f elementor-align-center elementor-widget elementor-widget-button\" data-id=\"1726e59f\" data-element_type=\"widget\" data-e-type=\"widget\" data-widget_type=\"button.default\">\n\t\t\t\t<div class=\"elementor-widget-container\">\n\t\t\t\t\t\t\t\t\t<div class=\"elementor-button-wrapper\">\n\t\t\t\t\t<a class=\"elementor-button elementor-button-link elementor-size-sm elementor-animation-grow\" href=\"#\">\n\t\t\t\t\t\t<span class=\"elementor-button-content-wrapper\">\n\t\t\t\t\t\t\t\t\t<span class=\"elementor-button-text\">Contactez-nous d\u00e8s aujourd'hui<\/span>\n\t\t\t\t\t<\/span>\n\t\t\t\t\t<\/a>\n\t\t\t\t<\/div>\n\t\t\t\t\t\t\t\t<\/div>\n\t\t\t\t<\/div>\n\t\t\t\t\t<\/div>\n\t\t<\/div>\n\t\t\t\t\t<\/div>\n\t\t<\/section>\n\t\t\t\t\t<\/div>\n\t\t<\/div>\n\t\t\t\t\t<\/div>\n\t\t<\/section>\n\t\t\t\t<section class=\"elementor-section elementor-top-section elementor-element elementor-element-c522f84 elementor-section-stretched elementor-section-boxed elementor-section-height-default elementor-section-height-default\" data-id=\"c522f84\" data-element_type=\"section\" data-e-type=\"section\" data-settings=\"{&quot;stretch_section&quot;:&quot;section-stretched&quot;}\">\n\t\t\t\t\t\t<div class=\"elementor-container elementor-column-gap-default\">\n\t\t\t\t\t<div class=\"elementor-column elementor-col-100 elementor-top-column elementor-element elementor-element-5c78821\" data-id=\"5c78821\" data-element_type=\"column\" data-e-type=\"column\">\n\t\t\t<div class=\"elementor-widget-wrap elementor-element-populated\">\n\t\t\t\t\t\t<div class=\"elementor-element elementor-element-bd8e939 elementor-invisible elementor-widget elementor-widget-image\" data-id=\"bd8e939\" data-element_type=\"widget\" data-e-type=\"widget\" data-settings=\"{&quot;_animation&quot;:&quot;fadeInDown&quot;}\" data-widget_type=\"image.default\">\n\t\t\t\t<div class=\"elementor-widget-container\">\n\t\t\t\t\t\t\t\t\t\t\t\t\t\t\t<img decoding=\"async\" width=\"1080\" height=\"1080\" src=\"https:\/\/i0.wp.com\/ydjconsultingservices.com\/wp-content\/uploads\/2021\/07\/Logo-YDJ-1.png?fit=1080%2C1080&amp;ssl=1\" class=\"attachment-1536x1536 size-1536x1536 wp-image-689\" alt=\"\" srcset=\"https:\/\/i0.wp.com\/ydjconsultingservices.com\/wp-content\/uploads\/2021\/07\/Logo-YDJ-1.png?w=1080&amp;ssl=1 1080w, https:\/\/i0.wp.com\/ydjconsultingservices.com\/wp-content\/uploads\/2021\/07\/Logo-YDJ-1.png?resize=300%2C300&amp;ssl=1 300w, https:\/\/i0.wp.com\/ydjconsultingservices.com\/wp-content\/uploads\/2021\/07\/Logo-YDJ-1.png?resize=1024%2C1024&amp;ssl=1 1024w, https:\/\/i0.wp.com\/ydjconsultingservices.com\/wp-content\/uploads\/2021\/07\/Logo-YDJ-1.png?resize=150%2C150&amp;ssl=1 150w, https:\/\/i0.wp.com\/ydjconsultingservices.com\/wp-content\/uploads\/2021\/07\/Logo-YDJ-1.png?resize=768%2C768&amp;ssl=1 768w, https:\/\/i0.wp.com\/ydjconsultingservices.com\/wp-content\/uploads\/2021\/07\/Logo-YDJ-1.png?resize=12%2C12&amp;ssl=1 12w\" sizes=\"(max-width: 580px) 100vw, 580px\" \/>\t\t\t\t\t\t\t\t\t\t\t\t\t\t\t<\/div>\n\t\t\t\t<\/div>\n\t\t\t\t\t<\/div>\n\t\t<\/div>\n\t\t\t\t\t<\/div>\n\t\t<\/section>\n\t\t\t\t<section class=\"elementor-section elementor-top-section elementor-element elementor-element-9440be8 elementor-section-height-min-height elementor-section-stretched elementor-section-boxed elementor-section-height-default elementor-section-items-middle elementor-invisible\" data-id=\"9440be8\" data-element_type=\"section\" data-e-type=\"section\" data-settings=\"{&quot;stretch_section&quot;:&quot;section-stretched&quot;,&quot;animation&quot;:&quot;fadeInDown&quot;}\">\n\t\t\t\t\t\t<div class=\"elementor-container elementor-column-gap-default\">\n\t\t\t\t\t<div class=\"elementor-column elementor-col-100 elementor-top-column elementor-element elementor-element-d4660e5\" data-id=\"d4660e5\" data-element_type=\"column\" data-e-type=\"column\">\n\t\t\t<div class=\"elementor-widget-wrap elementor-element-populated\">\n\t\t\t\t\t\t<div class=\"elementor-element elementor-element-4ba7761 elementor-widget elementor-widget-text-editor\" data-id=\"4ba7761\" data-element_type=\"widget\" data-e-type=\"widget\" data-widget_type=\"text-editor.default\">\n\t\t\t\t<div class=\"elementor-widget-container\">\n\t\t\t\t\t\t\t\t\t<p>Yollande Dweme M. Pitta est une consultante ind\u00e9pendante avec plus de 15 ans d\u2019exp\u00e9rience dans le d\u00e9veloppement \u00e9conomique et communautaire ainsi dans les relations avec les groupes minoritaires bilingues et francophones. Mais , elle travaille \u00e9galement comme travailleuse sociale psychoth\u00e9rapeute et aussi comme chercheure. Elle est doctorante en \u00e9ducation en sciences sociales et \u00e9quit\u00e9 sociale. Elle d\u00e9tient une ma\u00eetrise en travail social et un baccalaur\u00e9at en travail social, en administration des affaires et en gestion du personnel. Elle est travailleuse sociale inscrite \/ psychoth\u00e9rapeute et membre de l\u2019ordre des travailleurs sociaux de l\u2019Ontario. elle fut membre du Conseil de planification et du comit\u00e9 technique de l\u2019universit\u00e9 de l\u2019Ontario fran\u00e7ais. Elle est membre du comit\u00e9 permanent sur l\u2019immigration francophone du r\u00e9seau de recherche \u00ab voies vers la Prosp\u00e9rit\u00e9 \u00bb. Elle est professeur en service social, en \u00e9ducation sp\u00e9cialis\u00e9 et en \u00e9ducation \u00e0 la petite enfance. Mme Dweme M. Pitta conna\u00eet tr\u00e8s bien les strat\u00e9gies de gestion de conflits et la probl\u00e9matique li\u00e9e \u00e0 l\u2019\u00e9tablissement. Elle a appuy\u00e9 pendant plusieurs ann\u00e9es des organismes tels que le COFRD, OCASI sur les ateliers, l\u2019adaptation des cours et l\u2019\u00e9tablissement. Yollande s&#8217;est sp\u00e9cialis\u00e9e dans les probl\u00e9matiques des francophones vivant en milieu minoritaire et, en particulier, celles li\u00e9es \u00e0 l&#8217;immigration et relation interpersonnelle. Elle s&#8217;est \u00e9galement concentr\u00e9e sur la question de l&#8217;\u00e9ducation et int\u00e9gration des immigrants.<\/p>\t\t\t\t\t\t\t\t<\/div>\n\t\t\t\t<\/div>\n\t\t\t\t\t<\/div>\n\t\t<\/div>\n\t\t\t\t\t<\/div>\n\t\t<\/section>\n\t\t\t\t<\/div>\n\t\t","protected":false},"excerpt":{"rendered":"<p>\u00c0 propos de nous Profitez de notre exp\u00e9rience, nos comp\u00e9tences et notre capacit\u00e9 \u00e0 vous offrir un service sur mesure. YDMP Consulting est une entreprise priv\u00e9e de consultation avec plus de 15 ans d\u2019exp\u00e9rience dans le d\u00e9veloppement \u00e9conomique et les relations avec les groupes minoritaires bilingues et francophones. YDMP Consulting a une expertise en d\u00e9veloppement [&hellip;]<\/p>\n","protected":false},"author":1,"featured_media":0,"parent":0,"menu_order":0,"comment_status":"closed","ping_status":"closed","template":"","meta":{"nf_dc_page":"","om_disable_all_campaigns":false,"_monsterinsights_skip_tracking":false,"_monsterinsights_sitenote_active":false,"_monsterinsights_sitenote_note":"","_monsterinsights_sitenote_category":0,"footnotes":""},"class_list":["post-272","page","type-page","status-publish","hentry"],"jetpack_sharing_enabled":true,"_links":{"self":[{"href":"https:\/\/ydjconsultingservices.com\/en\/wp-json\/wp\/v2\/pages\/272","targetHints":{"allow":["GET"]}}],"collection":[{"href":"https:\/\/ydjconsultingservices.com\/en\/wp-json\/wp\/v2\/pages"}],"about":[{"href":"https:\/\/ydjconsultingservices.com\/en\/wp-json\/wp\/v2\/types\/page"}],"author":[{"embeddable":true,"href":"https:\/\/ydjconsultingservices.com\/en\/wp-json\/wp\/v2\/users\/1"}],"replies":[{"embeddable":true,"href":"https:\/\/ydjconsultingservices.com\/en\/wp-json\/wp\/v2\/comments?post=272"}],"version-history":[{"count":5,"href":"https:\/\/ydjconsultingservices.com\/en\/wp-json\/wp\/v2\/pages\/272\/revisions"}],"predecessor-version":[{"id":695,"href":"https:\/\/ydjconsultingservices.com\/en\/wp-json\/wp\/v2\/pages\/272\/revisions\/695"}],"wp:attachment":[{"href":"https:\/\/ydjconsultingservices.com\/en\/wp-json\/wp\/v2\/media?parent=272"}],"curies":[{"name":"wp","href":"https:\/\/api.w.org\/{rel}","templated":true}]}}