{"id":62,"date":"2017-12-20T03:52:52","date_gmt":"2017-12-20T03:52:52","guid":{"rendered":"https:\/\/demo.axlethemes.com\/x-corporate-pro\/?page_id=62"},"modified":"2021-07-06T14:03:18","modified_gmt":"2021-07-06T14:03:18","slug":"ateliers","status":"publish","type":"page","link":"https:\/\/ydjconsultingservices.com\/en\/ateliers","title":{"rendered":"Workshops"},"content":{"rendered":"<div data-elementor-type=\"wp-page\" data-elementor-id=\"62\" class=\"elementor elementor-62\">\n\t\t\t\t\t\t<section class=\"elementor-section elementor-top-section elementor-element elementor-element-8d7157d elementor-section-boxed elementor-section-height-default elementor-section-height-default\" data-id=\"8d7157d\" data-element_type=\"section\" data-e-type=\"section\">\n\t\t\t\t\t\t<div class=\"elementor-container elementor-column-gap-default\">\n\t\t\t\t\t<div class=\"elementor-column elementor-col-100 elementor-top-column elementor-element elementor-element-f95f1aa\" data-id=\"f95f1aa\" data-element_type=\"column\" data-e-type=\"column\">\n\t\t\t<div class=\"elementor-widget-wrap elementor-element-populated\">\n\t\t\t\t\t\t<div class=\"elementor-element elementor-element-88696bf elementor-invisible elementor-widget elementor-widget-heading\" data-id=\"88696bf\" data-element_type=\"widget\" data-e-type=\"widget\" data-settings=\"{&quot;_animation&quot;:&quot;fadeInDown&quot;}\" data-widget_type=\"heading.default\">\n\t\t\t\t<div class=\"elementor-widget-container\">\n\t\t\t\t\t<h2 class=\"elementor-heading-title elementor-size-default\">Workshops<\/h2>\t\t\t\t<\/div>\n\t\t\t\t<\/div>\n\t\t\t\t\t<\/div>\n\t\t<\/div>\n\t\t\t\t\t<\/div>\n\t\t<\/section>\n\t\t\t\t<section class=\"elementor-section elementor-top-section elementor-element elementor-element-5278933d elementor-section-content-middle elementor-section-stretched elementor-section-boxed elementor-section-height-default elementor-section-height-default\" data-id=\"5278933d\" data-element_type=\"section\" data-e-type=\"section\" data-settings=\"{&quot;background_background&quot;:&quot;classic&quot;,&quot;stretch_section&quot;:&quot;section-stretched&quot;}\">\n\t\t\t\t\t\t<div class=\"elementor-container elementor-column-gap-no\">\n\t\t\t\t\t<div class=\"elementor-column elementor-col-50 elementor-top-column elementor-element elementor-element-4151bffe\" data-id=\"4151bffe\" data-element_type=\"column\" data-e-type=\"column\">\n\t\t\t<div class=\"elementor-widget-wrap elementor-element-populated\">\n\t\t\t\t\t\t<div class=\"elementor-element elementor-element-7882ee2a elementor-widget elementor-widget-image\" data-id=\"7882ee2a\" data-element_type=\"widget\" data-e-type=\"widget\" data-widget_type=\"image.default\">\n\t\t\t\t<div class=\"elementor-widget-container\">\n\t\t\t\t\t\t\t\t\t\t\t\t\t\t\t<img fetchpriority=\"high\" decoding=\"async\" width=\"580\" height=\"326\" src=\"https:\/\/i0.wp.com\/ydjconsultingservices.com\/wp-content\/uploads\/2021\/06\/3.png?fit=580%2C326&amp;ssl=1\" class=\"attachment-large size-large wp-image-559\" alt=\"\" srcset=\"https:\/\/i0.wp.com\/ydjconsultingservices.com\/wp-content\/uploads\/2021\/06\/3.png?w=1920&amp;ssl=1 1920w, https:\/\/i0.wp.com\/ydjconsultingservices.com\/wp-content\/uploads\/2021\/06\/3.png?resize=300%2C169&amp;ssl=1 300w, https:\/\/i0.wp.com\/ydjconsultingservices.com\/wp-content\/uploads\/2021\/06\/3.png?resize=1024%2C576&amp;ssl=1 1024w, https:\/\/i0.wp.com\/ydjconsultingservices.com\/wp-content\/uploads\/2021\/06\/3.png?resize=768%2C432&amp;ssl=1 768w, https:\/\/i0.wp.com\/ydjconsultingservices.com\/wp-content\/uploads\/2021\/06\/3.png?resize=1536%2C864&amp;ssl=1 1536w, https:\/\/i0.wp.com\/ydjconsultingservices.com\/wp-content\/uploads\/2021\/06\/3.png?resize=16%2C9&amp;ssl=1 16w, https:\/\/i0.wp.com\/ydjconsultingservices.com\/wp-content\/uploads\/2021\/06\/3.png?resize=1200%2C675&amp;ssl=1 1200w, https:\/\/i0.wp.com\/ydjconsultingservices.com\/wp-content\/uploads\/2021\/06\/3.png?w=1740&amp;ssl=1 1740w\" sizes=\"(max-width: 580px) 100vw, 580px\" \/>\t\t\t\t\t\t\t\t\t\t\t\t\t\t\t<\/div>\n\t\t\t\t<\/div>\n\t\t\t\t\t<\/div>\n\t\t<\/div>\n\t\t\t\t<div class=\"elementor-column elementor-col-50 elementor-top-column elementor-element elementor-element-31b8138e\" data-id=\"31b8138e\" data-element_type=\"column\" data-e-type=\"column\" data-settings=\"{&quot;background_background&quot;:&quot;classic&quot;}\">\n\t\t\t<div class=\"elementor-widget-wrap elementor-element-populated\">\n\t\t\t\t\t\t<div class=\"elementor-element elementor-element-3adccc8 elementor-view-default elementor-invisible elementor-widget elementor-widget-icon\" data-id=\"3adccc8\" data-element_type=\"widget\" data-e-type=\"widget\" data-settings=\"{&quot;_animation&quot;:&quot;fadeInDown&quot;}\" data-widget_type=\"icon.default\">\n\t\t\t\t<div class=\"elementor-widget-container\">\n\t\t\t\t\t\t\t<div class=\"elementor-icon-wrapper\">\n\t\t\t<div class=\"elementor-icon\">\n\t\t\t<i aria-hidden=\"true\" class=\"fas fa-hand-holding\"><\/i>\t\t\t<\/div>\n\t\t<\/div>\n\t\t\t\t\t\t<\/div>\n\t\t\t\t<\/div>\n\t\t\t\t<div class=\"elementor-element elementor-element-300b91cc elementor-widget elementor-widget-heading\" data-id=\"300b91cc\" data-element_type=\"widget\" data-e-type=\"widget\" data-widget_type=\"heading.default\">\n\t\t\t\t<div class=\"elementor-widget-container\">\n\t\t\t\t\t<h3 class=\"elementor-heading-title elementor-size-large\">Workshops for community organizations<\/h3>\t\t\t\t<\/div>\n\t\t\t\t<\/div>\n\t\t\t\t<div class=\"elementor-element elementor-element-713ab75a elementor-widget elementor-widget-text-editor\" data-id=\"713ab75a\" data-element_type=\"widget\" data-e-type=\"widget\" data-widget_type=\"text-editor.default\">\n\t\t\t\t<div class=\"elementor-widget-container\">\n\t\t\t\t\t\t\t\t\t<p>YDMP a anim\u00e9 plusieurs ateliers au pr\u00e8s des organismes\u00a0 En voici quelques exemples: La gouvernance &#8211; La r\u00e9flexion strat\u00e9gique sur la mise en place d&#8217;une OSBL &#8211; La roue du d\u00e9veloppement &#8211; La gestion ax\u00e9e sur les r\u00e9sultats &#8211; La planification strat\u00e9gique &#8211; Plan d&#8217;action &#8211;\u00a0 La sant\u00e9 &#8211; L&#8217;int\u00e9gration- la Justice familiale.<\/p>\t\t\t\t\t\t\t\t<\/div>\n\t\t\t\t<\/div>\n\t\t\t\t\t<\/div>\n\t\t<\/div>\n\t\t\t\t\t<\/div>\n\t\t<\/section>\n\t\t\t\t<section class=\"elementor-section elementor-top-section elementor-element elementor-element-3db4c76e elementor-section-content-middle elementor-reverse-mobile elementor-section-stretched elementor-section-boxed elementor-section-height-default elementor-section-height-default\" data-id=\"3db4c76e\" data-element_type=\"section\" data-e-type=\"section\" data-settings=\"{&quot;background_background&quot;:&quot;classic&quot;,&quot;stretch_section&quot;:&quot;section-stretched&quot;}\">\n\t\t\t\t\t\t<div class=\"elementor-container elementor-column-gap-no\">\n\t\t\t\t\t<div class=\"elementor-column elementor-col-50 elementor-top-column elementor-element elementor-element-562b3f6\" data-id=\"562b3f6\" data-element_type=\"column\" data-e-type=\"column\" data-settings=\"{&quot;background_background&quot;:&quot;classic&quot;}\">\n\t\t\t<div class=\"elementor-widget-wrap elementor-element-populated\">\n\t\t\t\t\t\t<div class=\"elementor-element elementor-element-28ef11f6 elementor-view-default elementor-widget elementor-widget-icon\" data-id=\"28ef11f6\" data-element_type=\"widget\" data-e-type=\"widget\" data-widget_type=\"icon.default\">\n\t\t\t\t<div class=\"elementor-widget-container\">\n\t\t\t\t\t\t\t<div class=\"elementor-icon-wrapper\">\n\t\t\t<div class=\"elementor-icon\">\n\t\t\t<i aria-hidden=\"true\" class=\"fas fa-arrow-alt-circle-right\"><\/i>\t\t\t<\/div>\n\t\t<\/div>\n\t\t\t\t\t\t<\/div>\n\t\t\t\t<\/div>\n\t\t\t\t<div class=\"elementor-element elementor-element-403e174d elementor-widget elementor-widget-heading\" data-id=\"403e174d\" data-element_type=\"widget\" data-e-type=\"widget\" data-widget_type=\"heading.default\">\n\t\t\t\t<div class=\"elementor-widget-container\">\n\t\t\t\t\t<h3 class=\"elementor-heading-title elementor-size-large\">Workshops for private companies<\/h3>\t\t\t\t<\/div>\n\t\t\t\t<\/div>\n\t\t\t\t<div class=\"elementor-element elementor-element-be3a3df elementor-widget elementor-widget-text-editor\" data-id=\"be3a3df\" data-element_type=\"widget\" data-e-type=\"widget\" data-widget_type=\"text-editor.default\">\n\t\t\t\t<div class=\"elementor-widget-container\">\n\t\t\t\t\t\t\t\t\t<p>YDMP a amim\u00e9 divers ateliers au pr\u00e8s des petites et moyennes entreprises mais aussi aupr\u00e8s des particculiers qui souhaitent d\u00e9marrer une entreprise. \u00c0 titre d&#8217;exemple:<\/p><p>R\u00e9flexion strat\u00e9gique sur la mise en place d&#8217;une entreprise.<\/p><p>L&#8217;enregistrement et l&#8217;incorporation.<\/p><p>Les diff\u00e9rentes sortes d&#8217;entreprises.<\/p><p>D\u00e9marage d&#8217;entreprise.<\/p><p>Plan d&#8217;affaires.<\/p><p>Market study<\/p><p>L&#8217;\u00e9sprit d&#8217;\u00e9quipe<\/p>\t\t\t\t\t\t\t\t<\/div>\n\t\t\t\t<\/div>\n\t\t\t\t\t<\/div>\n\t\t<\/div>\n\t\t\t\t<div class=\"elementor-column elementor-col-50 elementor-top-column elementor-element elementor-element-7c713f7\" data-id=\"7c713f7\" data-element_type=\"column\" data-e-type=\"column\">\n\t\t\t<div class=\"elementor-widget-wrap elementor-element-populated\">\n\t\t\t\t\t\t<div class=\"elementor-element elementor-element-1d60e339 elementor-widget elementor-widget-image\" data-id=\"1d60e339\" data-element_type=\"widget\" data-e-type=\"widget\" data-widget_type=\"image.default\">\n\t\t\t\t<div class=\"elementor-widget-container\">\n\t\t\t\t\t\t\t\t\t\t\t\t\t\t\t<img decoding=\"async\" width=\"600\" height=\"600\" src=\"https:\/\/i0.wp.com\/ydjconsultingservices.com\/wp-content\/uploads\/2021\/02\/12.png?fit=600%2C600&amp;ssl=1\" class=\"attachment-2048x2048 size-2048x2048 wp-image-361\" alt=\"\" srcset=\"https:\/\/i0.wp.com\/ydjconsultingservices.com\/wp-content\/uploads\/2021\/02\/12.png?w=600&amp;ssl=1 600w, https:\/\/i0.wp.com\/ydjconsultingservices.com\/wp-content\/uploads\/2021\/02\/12.png?resize=300%2C300&amp;ssl=1 300w, https:\/\/i0.wp.com\/ydjconsultingservices.com\/wp-content\/uploads\/2021\/02\/12.png?resize=150%2C150&amp;ssl=1 150w, https:\/\/i0.wp.com\/ydjconsultingservices.com\/wp-content\/uploads\/2021\/02\/12.png?resize=270%2C270&amp;ssl=1 270w\" sizes=\"(max-width: 580px) 100vw, 580px\" \/>\t\t\t\t\t\t\t\t\t\t\t\t\t\t\t<\/div>\n\t\t\t\t<\/div>\n\t\t\t\t\t<\/div>\n\t\t<\/div>\n\t\t\t\t\t<\/div>\n\t\t<\/section>\n\t\t\t\t<section class=\"elementor-section elementor-top-section elementor-element elementor-element-5aa186ee elementor-section-stretched elementor-section-boxed elementor-section-height-default elementor-section-height-default elementor-invisible\" data-id=\"5aa186ee\" data-element_type=\"section\" data-e-type=\"section\" data-settings=\"{&quot;background_background&quot;:&quot;classic&quot;,&quot;stretch_section&quot;:&quot;section-stretched&quot;,&quot;animation&quot;:&quot;fadeInDown&quot;}\">\n\t\t\t\t\t\t\t<div class=\"elementor-background-overlay\"><\/div>\n\t\t\t\t\t\t\t<div class=\"elementor-container elementor-column-gap-default\">\n\t\t\t\t\t<div class=\"elementor-column elementor-col-100 elementor-top-column elementor-element elementor-element-327812d3\" data-id=\"327812d3\" data-element_type=\"column\" data-e-type=\"column\">\n\t\t\t<div class=\"elementor-widget-wrap elementor-element-populated\">\n\t\t\t\t\t\t<div class=\"elementor-element elementor-element-3511d316 elementor-widget elementor-widget-heading\" data-id=\"3511d316\" data-element_type=\"widget\" data-e-type=\"widget\" data-widget_type=\"heading.default\">\n\t\t\t\t<div class=\"elementor-widget-container\">\n\t\t\t\t\t<h2 class=\"elementor-heading-title elementor-size-large\">Workshops for public institutions<\/h2>\t\t\t\t<\/div>\n\t\t\t\t<\/div>\n\t\t\t\t<div class=\"elementor-element elementor-element-4b06c022 elementor-invisible elementor-widget elementor-widget-text-editor\" data-id=\"4b06c022\" data-element_type=\"widget\" data-e-type=\"widget\" data-settings=\"{&quot;_animation&quot;:&quot;fadeInDown&quot;}\" data-widget_type=\"text-editor.default\">\n\t\t\t\t<div class=\"elementor-widget-container\">\n\t\t\t\t\t\t\t\t\t<p>YDMP has conducted workshops in educational institutions with students and parents. Here are some examples:<\/p><p>-L&#8217;\u00e9ducation des enfants<\/p><p>-Les valeurs familiales et l&#8217;\u00e9ducation<\/p><p>The social work profession in justice<\/p>\t\t\t\t\t\t\t\t<\/div>\n\t\t\t\t<\/div>\n\t\t\t\t\t<\/div>\n\t\t<\/div>\n\t\t\t\t\t<\/div>\n\t\t<\/section>\n\t\t\t\t<\/div>","protected":false},"excerpt":{"rendered":"<p>Ateliers Ateliers aux organismes YDMP a anim\u00e9 plusieurs ateliers au pr\u00e8s des organismes\u00a0 En voici quelques exemples: La gouvernance &#8211; La r\u00e9flexion strat\u00e9gique sur la mise en place d&#8217;une OSBL &#8211; La roue du d\u00e9veloppement &#8211; La gestion ax\u00e9e sur les r\u00e9sultats &#8211; La planification strat\u00e9gique &#8211; Plan d&#8217;action &#8211;\u00a0 La sant\u00e9 &#8211; L&#8217;int\u00e9gration- la [&hellip;]<\/p>\n","protected":false},"author":1,"featured_media":0,"parent":0,"menu_order":0,"comment_status":"closed","ping_status":"closed","template":"","meta":{"nf_dc_page":"","om_disable_all_campaigns":false,"_monsterinsights_skip_tracking":false,"_monsterinsights_sitenote_active":false,"_monsterinsights_sitenote_note":"","_monsterinsights_sitenote_category":0,"footnotes":""},"class_list":["post-62","page","type-page","status-publish","hentry"],"jetpack_sharing_enabled":true,"_links":{"self":[{"href":"https:\/\/ydjconsultingservices.com\/en\/wp-json\/wp\/v2\/pages\/62","targetHints":{"allow":["GET"]}}],"collection":[{"href":"https:\/\/ydjconsultingservices.com\/en\/wp-json\/wp\/v2\/pages"}],"about":[{"href":"https:\/\/ydjconsultingservices.com\/en\/wp-json\/wp\/v2\/types\/page"}],"author":[{"embeddable":true,"href":"https:\/\/ydjconsultingservices.com\/en\/wp-json\/wp\/v2\/users\/1"}],"replies":[{"embeddable":true,"href":"https:\/\/ydjconsultingservices.com\/en\/wp-json\/wp\/v2\/comments?post=62"}],"version-history":[{"count":5,"href":"https:\/\/ydjconsultingservices.com\/en\/wp-json\/wp\/v2\/pages\/62\/revisions"}],"predecessor-version":[{"id":701,"href":"https:\/\/ydjconsultingservices.com\/en\/wp-json\/wp\/v2\/pages\/62\/revisions\/701"}],"wp:attachment":[{"href":"https:\/\/ydjconsultingservices.com\/en\/wp-json\/wp\/v2\/media?parent=62"}],"curies":[{"name":"wp","href":"https:\/\/api.w.org\/{rel}","templated":true}]}}