{"id":63,"date":"2017-12-20T03:53:08","date_gmt":"2017-12-20T03:53:08","guid":{"rendered":"https:\/\/demo.axlethemes.com\/x-corporate-pro\/?page_id=63"},"modified":"2021-07-06T18:50:02","modified_gmt":"2021-07-06T18:50:02","slug":"recherche","status":"publish","type":"page","link":"https:\/\/ydjconsultingservices.com\/en\/recherche","title":{"rendered":"Research"},"content":{"rendered":"<div data-elementor-type=\"wp-page\" data-elementor-id=\"63\" class=\"elementor elementor-63\">\n\t\t\t\t\t\t<section class=\"elementor-section elementor-top-section elementor-element elementor-element-c3385f5 elementor-section-boxed elementor-section-height-default elementor-section-height-default\" data-id=\"c3385f5\" data-element_type=\"section\" data-e-type=\"section\">\n\t\t\t\t\t\t<div class=\"elementor-container elementor-column-gap-default\">\n\t\t\t\t\t<div class=\"elementor-column elementor-col-100 elementor-top-column elementor-element elementor-element-fc7d769\" data-id=\"fc7d769\" data-element_type=\"column\" data-e-type=\"column\">\n\t\t\t<div class=\"elementor-widget-wrap elementor-element-populated\">\n\t\t\t\t\t\t<div class=\"elementor-element elementor-element-9efd014 elementor-invisible elementor-widget elementor-widget-heading\" data-id=\"9efd014\" data-element_type=\"widget\" data-e-type=\"widget\" data-settings=\"{&quot;_animation&quot;:&quot;fadeInDown&quot;}\" data-widget_type=\"heading.default\">\n\t\t\t\t<div class=\"elementor-widget-container\">\n\t\t\t\t\t<h2 class=\"elementor-heading-title elementor-size-default\">Research<\/h2>\t\t\t\t<\/div>\n\t\t\t\t<\/div>\n\t\t\t\t\t<\/div>\n\t\t<\/div>\n\t\t\t\t\t<\/div>\n\t\t<\/section>\n\t\t\t\t<section class=\"elementor-section elementor-top-section elementor-element elementor-element-a043af3 elementor-section-content-middle elementor-section-stretched elementor-section-boxed elementor-section-height-default elementor-section-height-default\" data-id=\"a043af3\" data-element_type=\"section\" data-e-type=\"section\" data-settings=\"{&quot;background_background&quot;:&quot;classic&quot;,&quot;stretch_section&quot;:&quot;section-stretched&quot;}\">\n\t\t\t\t\t\t<div class=\"elementor-container elementor-column-gap-no\">\n\t\t\t\t\t<div class=\"elementor-column elementor-col-50 elementor-top-column elementor-element elementor-element-517f5af7\" data-id=\"517f5af7\" data-element_type=\"column\" data-e-type=\"column\">\n\t\t\t<div class=\"elementor-widget-wrap elementor-element-populated\">\n\t\t\t\t\t\t<div class=\"elementor-element elementor-element-5675f1a0 elementor-invisible elementor-widget elementor-widget-image\" data-id=\"5675f1a0\" data-element_type=\"widget\" data-e-type=\"widget\" data-settings=\"{&quot;_animation&quot;:&quot;fadeIn&quot;}\" data-widget_type=\"image.default\">\n\t\t\t\t<div class=\"elementor-widget-container\">\n\t\t\t\t\t\t\t\t\t\t\t\t\t\t\t<img fetchpriority=\"high\" decoding=\"async\" width=\"580\" height=\"326\" src=\"https:\/\/i0.wp.com\/ydjconsultingservices.com\/wp-content\/uploads\/2021\/02\/2.png?fit=580%2C326&amp;ssl=1\" class=\"attachment-large size-large wp-image-351\" alt=\"\" srcset=\"https:\/\/i0.wp.com\/ydjconsultingservices.com\/wp-content\/uploads\/2021\/02\/2.png?w=1920&amp;ssl=1 1920w, https:\/\/i0.wp.com\/ydjconsultingservices.com\/wp-content\/uploads\/2021\/02\/2.png?resize=300%2C169&amp;ssl=1 300w, https:\/\/i0.wp.com\/ydjconsultingservices.com\/wp-content\/uploads\/2021\/02\/2.png?resize=1024%2C576&amp;ssl=1 1024w, https:\/\/i0.wp.com\/ydjconsultingservices.com\/wp-content\/uploads\/2021\/02\/2.png?resize=768%2C432&amp;ssl=1 768w, https:\/\/i0.wp.com\/ydjconsultingservices.com\/wp-content\/uploads\/2021\/02\/2.png?resize=1536%2C864&amp;ssl=1 1536w, https:\/\/i0.wp.com\/ydjconsultingservices.com\/wp-content\/uploads\/2021\/02\/2.png?resize=360%2C203&amp;ssl=1 360w, https:\/\/i0.wp.com\/ydjconsultingservices.com\/wp-content\/uploads\/2021\/02\/2.png?w=1160&amp;ssl=1 1160w, https:\/\/i0.wp.com\/ydjconsultingservices.com\/wp-content\/uploads\/2021\/02\/2.png?w=1740&amp;ssl=1 1740w\" sizes=\"(max-width: 580px) 100vw, 580px\" \/>\t\t\t\t\t\t\t\t\t\t\t\t\t\t\t<\/div>\n\t\t\t\t<\/div>\n\t\t\t\t\t<\/div>\n\t\t<\/div>\n\t\t\t\t<div class=\"elementor-column elementor-col-50 elementor-top-column elementor-element elementor-element-7089a8e0\" data-id=\"7089a8e0\" data-element_type=\"column\" data-e-type=\"column\" data-settings=\"{&quot;background_background&quot;:&quot;classic&quot;}\">\n\t\t\t<div class=\"elementor-widget-wrap elementor-element-populated\">\n\t\t\t\t\t\t<div class=\"elementor-element elementor-element-4ee95496 elementor-view-default elementor-widget elementor-widget-icon\" data-id=\"4ee95496\" data-element_type=\"widget\" data-e-type=\"widget\" data-widget_type=\"icon.default\">\n\t\t\t\t<div class=\"elementor-widget-container\">\n\t\t\t\t\t\t\t<div class=\"elementor-icon-wrapper\">\n\t\t\t<div class=\"elementor-icon\">\n\t\t\t<i aria-hidden=\"true\" class=\"far fa-comments\"><\/i>\t\t\t<\/div>\n\t\t<\/div>\n\t\t\t\t\t\t<\/div>\n\t\t\t\t<\/div>\n\t\t\t\t<div class=\"elementor-element elementor-element-1149af9 elementor-widget elementor-widget-heading\" data-id=\"1149af9\" data-element_type=\"widget\" data-e-type=\"widget\" data-widget_type=\"heading.default\">\n\t\t\t\t<div class=\"elementor-widget-container\">\n\t\t\t\t\t<h3 class=\"elementor-heading-title elementor-size-large\">Immigration-related topics<\/h3>\t\t\t\t<\/div>\n\t\t\t\t<\/div>\n\t\t\t\t<div class=\"elementor-element elementor-element-1d850bf elementor-invisible elementor-widget elementor-widget-text-editor\" data-id=\"1d850bf\" data-element_type=\"widget\" data-e-type=\"widget\" data-settings=\"{&quot;_animation&quot;:&quot;fadeInDown&quot;}\" data-widget_type=\"text-editor.default\">\n\t\t\t\t<div class=\"elementor-widget-container\">\n\t\t\t\t\t\t\t\t\t<p>&#8211; L&#8217;int\u00e9gration des p\u00e8res d&#8217;origines subsahariennes. Cette \u00e9tude a permis de rep\u00e9rer les principaux d\u00e9fis auxquels les p\u00e8res immigrants sont confront\u00e9s dans leur nouvelle soci\u00e9t\u00e9 au niveau personnelle, dans la famille et dans la vie professionnelle. Mais aussi le d\u00e9fi que pose le maintien de son identit\u00e9 lorsqu&#8217;il doit faire face \u00e0 une nouvelle structure sociale dans laquelle il doit construire son r\u00f4le , tout en maintenant son appartenance.<\/p><p>&#8211; De la formation qualifiante \u00e0 l&#8217;emploi : Une \u00e9tude qui a permis de comprendre les difficult\u00e9s que bien de personnes immigrantes \u00e9prouvent face au march\u00e9 d&#8217;emploi. Ainsi que la probl\u00e9matique d&#8217;exclusion sociale et professionnelle des personnes &#8221; d\u00e9favoris\u00e9e&#8221;.<\/p><p>&#8211; De la formation \u00e0 l&#8217;emploi: Cette \u00e9tude a voulu comprendre les m\u00e9canismes qui r\u00e9gissent l&#8217;entr\u00e9e dans la vie active des jeunes ayant suivi une formation. Est-ce que la formation favorise-t-elle l&#8217;insertion?<\/p>\t\t\t\t\t\t\t\t<\/div>\n\t\t\t\t<\/div>\n\t\t\t\t\t<\/div>\n\t\t<\/div>\n\t\t\t\t\t<\/div>\n\t\t<\/section>\n\t\t\t\t<section class=\"elementor-section elementor-top-section elementor-element elementor-element-23973233 elementor-section-content-middle elementor-reverse-mobile elementor-section-stretched elementor-section-boxed elementor-section-height-default elementor-section-height-default\" data-id=\"23973233\" data-element_type=\"section\" data-e-type=\"section\" data-settings=\"{&quot;background_background&quot;:&quot;classic&quot;,&quot;stretch_section&quot;:&quot;section-stretched&quot;}\">\n\t\t\t\t\t\t<div class=\"elementor-container elementor-column-gap-no\">\n\t\t\t\t\t<div class=\"elementor-column elementor-col-50 elementor-top-column elementor-element elementor-element-1ea1be15\" data-id=\"1ea1be15\" data-element_type=\"column\" data-e-type=\"column\" data-settings=\"{&quot;background_background&quot;:&quot;classic&quot;}\">\n\t\t\t<div class=\"elementor-widget-wrap elementor-element-populated\">\n\t\t\t\t\t\t<div class=\"elementor-element elementor-element-3deaece5 elementor-view-default elementor-widget elementor-widget-icon\" data-id=\"3deaece5\" data-element_type=\"widget\" data-e-type=\"widget\" data-widget_type=\"icon.default\">\n\t\t\t\t<div class=\"elementor-widget-container\">\n\t\t\t\t\t\t\t<div class=\"elementor-icon-wrapper\">\n\t\t\t<div class=\"elementor-icon\">\n\t\t\t<i aria-hidden=\"true\" class=\"far fa-dot-circle\"><\/i>\t\t\t<\/div>\n\t\t<\/div>\n\t\t\t\t\t\t<\/div>\n\t\t\t\t<\/div>\n\t\t\t\t<div class=\"elementor-element elementor-element-113be283 elementor-invisible elementor-widget elementor-widget-heading\" data-id=\"113be283\" data-element_type=\"widget\" data-e-type=\"widget\" data-settings=\"{&quot;_animation&quot;:&quot;fadeInDown&quot;}\" data-widget_type=\"heading.default\">\n\t\t\t\t<div class=\"elementor-widget-container\">\n\t\t\t\t\t<h3 class=\"elementor-heading-title elementor-size-large\">Health-related topics<\/h3>\t\t\t\t<\/div>\n\t\t\t\t<\/div>\n\t\t\t\t<div class=\"elementor-element elementor-element-23534458 elementor-invisible elementor-widget elementor-widget-text-editor\" data-id=\"23534458\" data-element_type=\"widget\" data-e-type=\"widget\" data-settings=\"{&quot;_animation&quot;:&quot;fadeInDown&quot;}\" data-widget_type=\"text-editor.default\">\n\t\t\t\t<div class=\"elementor-widget-container\">\n\t\t\t\t\t\t\t\t\t<p>The promotion of health habits among young people is a study that identified the reasons for the lack of healthy eating habits among immigrant youth, their sports practices, their knowledge of sports injuries and mental illnesses related to food.<\/p>\t\t\t\t\t\t\t\t<\/div>\n\t\t\t\t<\/div>\n\t\t\t\t\t<\/div>\n\t\t<\/div>\n\t\t\t\t<div class=\"elementor-column elementor-col-50 elementor-top-column elementor-element elementor-element-4ec9299f\" data-id=\"4ec9299f\" data-element_type=\"column\" data-e-type=\"column\">\n\t\t\t<div class=\"elementor-widget-wrap elementor-element-populated\">\n\t\t\t\t\t\t<div class=\"elementor-element elementor-element-5a9af2b3 elementor-invisible elementor-widget elementor-widget-image\" data-id=\"5a9af2b3\" data-element_type=\"widget\" data-e-type=\"widget\" data-settings=\"{&quot;_animation&quot;:&quot;fadeInDown&quot;}\" data-widget_type=\"image.default\">\n\t\t\t\t<div class=\"elementor-widget-container\">\n\t\t\t\t\t\t\t\t\t\t\t\t\t\t\t<img decoding=\"async\" width=\"580\" height=\"301\" src=\"https:\/\/i0.wp.com\/ydjconsultingservices.com\/wp-content\/uploads\/2021\/03\/study_cover.jpg?fit=580%2C301&amp;ssl=1\" class=\"attachment-large size-large wp-image-466\" alt=\"\" srcset=\"https:\/\/i0.wp.com\/ydjconsultingservices.com\/wp-content\/uploads\/2021\/03\/study_cover.jpg?w=1600&amp;ssl=1 1600w, https:\/\/i0.wp.com\/ydjconsultingservices.com\/wp-content\/uploads\/2021\/03\/study_cover.jpg?resize=300%2C156&amp;ssl=1 300w, https:\/\/i0.wp.com\/ydjconsultingservices.com\/wp-content\/uploads\/2021\/03\/study_cover.jpg?resize=1024%2C532&amp;ssl=1 1024w, https:\/\/i0.wp.com\/ydjconsultingservices.com\/wp-content\/uploads\/2021\/03\/study_cover.jpg?resize=768%2C399&amp;ssl=1 768w, https:\/\/i0.wp.com\/ydjconsultingservices.com\/wp-content\/uploads\/2021\/03\/study_cover.jpg?resize=1536%2C799&amp;ssl=1 1536w, https:\/\/i0.wp.com\/ydjconsultingservices.com\/wp-content\/uploads\/2021\/03\/study_cover.jpg?resize=1200%2C624&amp;ssl=1 1200w\" sizes=\"(max-width: 580px) 100vw, 580px\" \/>\t\t\t\t\t\t\t\t\t\t\t\t\t\t\t<\/div>\n\t\t\t\t<\/div>\n\t\t\t\t\t<\/div>\n\t\t<\/div>\n\t\t\t\t\t<\/div>\n\t\t<\/section>\n\t\t\t\t<section class=\"elementor-section elementor-top-section elementor-element elementor-element-f57559 elementor-section-content-middle elementor-section-stretched elementor-section-boxed elementor-section-height-default elementor-section-height-default elementor-invisible\" data-id=\"f57559\" data-element_type=\"section\" data-e-type=\"section\" data-settings=\"{&quot;background_background&quot;:&quot;gradient&quot;,&quot;stretch_section&quot;:&quot;section-stretched&quot;,&quot;animation&quot;:&quot;fadeInDown&quot;}\">\n\t\t\t\t\t\t<div class=\"elementor-container elementor-column-gap-no\">\n\t\t\t\t\t<div class=\"elementor-column elementor-col-50 elementor-top-column elementor-element elementor-element-75a791bf\" data-id=\"75a791bf\" data-element_type=\"column\" data-e-type=\"column\">\n\t\t\t<div class=\"elementor-widget-wrap elementor-element-populated\">\n\t\t\t\t\t\t<div class=\"elementor-element elementor-element-1dcd3634 elementor-widget elementor-widget-image\" data-id=\"1dcd3634\" data-element_type=\"widget\" data-e-type=\"widget\" data-widget_type=\"image.default\">\n\t\t\t\t<div class=\"elementor-widget-container\">\n\t\t\t\t\t\t\t\t\t\t\t\t\t\t\t<img decoding=\"async\" width=\"1920\" height=\"1080\" src=\"https:\/\/i0.wp.com\/ydjconsultingservices.com\/wp-content\/uploads\/2021\/02\/6.png?fit=1920%2C1080&amp;ssl=1\" class=\"attachment-full size-full wp-image-359\" alt=\"\" srcset=\"https:\/\/i0.wp.com\/ydjconsultingservices.com\/wp-content\/uploads\/2021\/02\/6.png?w=1920&amp;ssl=1 1920w, https:\/\/i0.wp.com\/ydjconsultingservices.com\/wp-content\/uploads\/2021\/02\/6.png?resize=300%2C169&amp;ssl=1 300w, https:\/\/i0.wp.com\/ydjconsultingservices.com\/wp-content\/uploads\/2021\/02\/6.png?resize=1024%2C576&amp;ssl=1 1024w, https:\/\/i0.wp.com\/ydjconsultingservices.com\/wp-content\/uploads\/2021\/02\/6.png?resize=768%2C432&amp;ssl=1 768w, https:\/\/i0.wp.com\/ydjconsultingservices.com\/wp-content\/uploads\/2021\/02\/6.png?resize=1536%2C864&amp;ssl=1 1536w, https:\/\/i0.wp.com\/ydjconsultingservices.com\/wp-content\/uploads\/2021\/02\/6.png?resize=360%2C203&amp;ssl=1 360w, https:\/\/i0.wp.com\/ydjconsultingservices.com\/wp-content\/uploads\/2021\/02\/6.png?w=1160&amp;ssl=1 1160w, https:\/\/i0.wp.com\/ydjconsultingservices.com\/wp-content\/uploads\/2021\/02\/6.png?w=1740&amp;ssl=1 1740w\" sizes=\"(max-width: 580px) 100vw, 580px\" \/>\t\t\t\t\t\t\t\t\t\t\t\t\t\t\t<\/div>\n\t\t\t\t<\/div>\n\t\t\t\t\t<\/div>\n\t\t<\/div>\n\t\t\t\t<div class=\"elementor-column elementor-col-50 elementor-top-column elementor-element elementor-element-56fe1f0e\" data-id=\"56fe1f0e\" data-element_type=\"column\" data-e-type=\"column\">\n\t\t\t<div class=\"elementor-widget-wrap elementor-element-populated\">\n\t\t\t\t\t\t<div class=\"elementor-element elementor-element-6d7b2b5c elementor-widget elementor-widget-heading\" data-id=\"6d7b2b5c\" data-element_type=\"widget\" data-e-type=\"widget\" data-widget_type=\"heading.default\">\n\t\t\t\t<div class=\"elementor-widget-container\">\n\t\t\t\t\t<h4 class=\"elementor-heading-title elementor-size-default\">Education-related topics<\/h4>\t\t\t\t<\/div>\n\t\t\t\t<\/div>\n\t\t\t\t<div class=\"elementor-element elementor-element-452562eb elementor-widget elementor-widget-text-editor\" data-id=\"452562eb\" data-element_type=\"widget\" data-e-type=\"widget\" data-widget_type=\"text-editor.default\">\n\t\t\t\t<div class=\"elementor-widget-container\">\n\t\t\t\t\t\t\t\t\t<p>-L&#8217;insertion professionnelle des professionnels form\u00e9s \u00e0 l&#8217;\u00e9tranger : le cas des enseignants. Ce travail de recherche a pour but de comprendre la r\u00e9alit\u00e9 des professionnels form\u00e9s \u00e0 l&#8217;\u00e9tranger qui se sont orient\u00e9s vers la carri\u00e8re enseignante: leurs parcours d&#8217;immigration , la compr\u00e9hension de leur identit\u00e9 et leur r\u00e9alit\u00e9 au sein des communaut\u00e9s de pratique.<\/p><p>&#8211; Les programmes pour les \u00e9l\u00e8ves avec des besoins particuliers: l&#8217;actualisation d&#8217;une ressource utilis\u00e9e aupr\u00e8s des \u00e9l\u00e8ves ayant des besoins particuliers.<\/p>\t\t\t\t\t\t\t\t<\/div>\n\t\t\t\t<\/div>\n\t\t\t\t\t<\/div>\n\t\t<\/div>\n\t\t\t\t\t<\/div>\n\t\t<\/section>\n\t\t\t\t<section class=\"elementor-section elementor-top-section elementor-element elementor-element-3ebca8a elementor-section-boxed elementor-section-height-default elementor-section-height-default\" data-id=\"3ebca8a\" data-element_type=\"section\" data-e-type=\"section\">\n\t\t\t\t\t\t<div class=\"elementor-container elementor-column-gap-default\">\n\t\t\t\t\t<div class=\"elementor-column elementor-col-100 elementor-top-column elementor-element elementor-element-60d139a\" data-id=\"60d139a\" data-element_type=\"column\" data-e-type=\"column\">\n\t\t\t<div class=\"elementor-widget-wrap elementor-element-populated\">\n\t\t\t\t\t\t<div class=\"elementor-element elementor-element-65a45e7 elementor-widget elementor-widget-text-editor\" data-id=\"65a45e7\" data-element_type=\"widget\" data-e-type=\"widget\" data-widget_type=\"text-editor.default\">\n\t\t\t\t<div class=\"elementor-widget-container\">\n\t\t\t\t\t\t\t\t\t<p><span data-sheets-value=\"{\" data-sheets-userformat=\"{\"><strong>Other study- Women's leadership<\/strong> is a study that presents the presence of women in management positions in Francophone and Acadian communities in order to increase the economic opportunities for women in management positions.<\/span><\/p>\t\t\t\t\t\t\t\t<\/div>\n\t\t\t\t<\/div>\n\t\t\t\t\t<\/div>\n\t\t<\/div>\n\t\t\t\t\t<\/div>\n\t\t<\/section>\n\t\t\t\t<\/div>","protected":false},"excerpt":{"rendered":"<p>Recherche Th\u00e9matiques li\u00e9es \u00e0 l&#8217;immigration &#8211; L&#8217;int\u00e9gration des p\u00e8res d&#8217;origines subsahariennes. Cette \u00e9tude a permis de rep\u00e9rer les principaux d\u00e9fis auxquels les p\u00e8res immigrants sont confront\u00e9s dans leur nouvelle soci\u00e9t\u00e9 au niveau personnelle, dans la famille et dans la vie professionnelle. Mais aussi le d\u00e9fi que pose le maintien de son identit\u00e9 lorsqu&#8217;il doit faire [&hellip;]<\/p>\n","protected":false},"author":1,"featured_media":0,"parent":0,"menu_order":0,"comment_status":"closed","ping_status":"closed","template":"","meta":{"nf_dc_page":"","om_disable_all_campaigns":false,"_monsterinsights_skip_tracking":false,"_monsterinsights_sitenote_active":false,"_monsterinsights_sitenote_note":"","_monsterinsights_sitenote_category":0,"footnotes":""},"class_list":["post-63","page","type-page","status-publish","hentry"],"jetpack_sharing_enabled":true,"_links":{"self":[{"href":"https:\/\/ydjconsultingservices.com\/en\/wp-json\/wp\/v2\/pages\/63","targetHints":{"allow":["GET"]}}],"collection":[{"href":"https:\/\/ydjconsultingservices.com\/en\/wp-json\/wp\/v2\/pages"}],"about":[{"href":"https:\/\/ydjconsultingservices.com\/en\/wp-json\/wp\/v2\/types\/page"}],"author":[{"embeddable":true,"href":"https:\/\/ydjconsultingservices.com\/en\/wp-json\/wp\/v2\/users\/1"}],"replies":[{"embeddable":true,"href":"https:\/\/ydjconsultingservices.com\/en\/wp-json\/wp\/v2\/comments?post=63"}],"version-history":[{"count":5,"href":"https:\/\/ydjconsultingservices.com\/en\/wp-json\/wp\/v2\/pages\/63\/revisions"}],"predecessor-version":[{"id":734,"href":"https:\/\/ydjconsultingservices.com\/en\/wp-json\/wp\/v2\/pages\/63\/revisions\/734"}],"wp:attachment":[{"href":"https:\/\/ydjconsultingservices.com\/en\/wp-json\/wp\/v2\/media?parent=63"}],"curies":[{"name":"wp","href":"https:\/\/api.w.org\/{rel}","templated":true}]}}