{"id":64,"date":"2017-12-20T03:54:10","date_gmt":"2017-12-20T03:54:10","guid":{"rendered":"https:\/\/demo.axlethemes.com\/x-corporate-pro\/?page_id=64"},"modified":"2021-06-19T22:12:53","modified_gmt":"2021-06-19T22:12:53","slug":"service-aux-organismes-et-aux-entrepreneurs%e2%80%8b","status":"publish","type":"page","link":"https:\/\/ydjconsultingservices.com\/en\/service-aux-organismes-et-aux-entrepreneurs%e2%80%8b","title":{"rendered":"Services to organizations and entrepreneurs"},"content":{"rendered":"<div data-elementor-type=\"wp-page\" data-elementor-id=\"64\" class=\"elementor elementor-64\">\n\t\t\t\t\t\t<section class=\"elementor-section elementor-top-section elementor-element elementor-element-a607345 elementor-section-boxed elementor-section-height-default elementor-section-height-default\" data-id=\"a607345\" data-element_type=\"section\" data-e-type=\"section\">\n\t\t\t\t\t\t<div class=\"elementor-container elementor-column-gap-default\">\n\t\t\t\t\t<div class=\"elementor-column elementor-col-100 elementor-top-column elementor-element elementor-element-62a510f\" data-id=\"62a510f\" data-element_type=\"column\" data-e-type=\"column\">\n\t\t\t<div class=\"elementor-widget-wrap elementor-element-populated\">\n\t\t\t\t\t\t<div class=\"elementor-element elementor-element-4d25851 elementor-invisible elementor-widget elementor-widget-heading\" data-id=\"4d25851\" data-element_type=\"widget\" data-e-type=\"widget\" data-settings=\"{&quot;_animation&quot;:&quot;fadeInDown&quot;}\" data-widget_type=\"heading.default\">\n\t\t\t\t<div class=\"elementor-widget-container\">\n\t\t\t\t\t<h2 class=\"elementor-heading-title elementor-size-default\">Services to organizations and entrepreneurs<\/h2>\t\t\t\t<\/div>\n\t\t\t\t<\/div>\n\t\t\t\t\t<\/div>\n\t\t<\/div>\n\t\t\t\t\t<\/div>\n\t\t<\/section>\n\t\t\t\t<section class=\"elementor-section elementor-top-section elementor-element elementor-element-6e57df59 elementor-section-content-middle elementor-section-stretched elementor-section-boxed elementor-section-height-default elementor-section-height-default\" data-id=\"6e57df59\" data-element_type=\"section\" data-e-type=\"section\" data-settings=\"{&quot;background_background&quot;:&quot;classic&quot;,&quot;stretch_section&quot;:&quot;section-stretched&quot;}\">\n\t\t\t\t\t\t<div class=\"elementor-container elementor-column-gap-no\">\n\t\t\t\t\t<div class=\"elementor-column elementor-col-50 elementor-top-column elementor-element elementor-element-50fc6bc9\" data-id=\"50fc6bc9\" data-element_type=\"column\" data-e-type=\"column\">\n\t\t\t<div class=\"elementor-widget-wrap elementor-element-populated\">\n\t\t\t\t\t\t<div class=\"elementor-element elementor-element-65ddd2a6 elementor-widget elementor-widget-image\" data-id=\"65ddd2a6\" data-element_type=\"widget\" data-e-type=\"widget\" data-widget_type=\"image.default\">\n\t\t\t\t<div class=\"elementor-widget-container\">\n\t\t\t\t\t\t\t\t\t\t\t\t\t\t\t<img fetchpriority=\"high\" decoding=\"async\" width=\"580\" height=\"326\" src=\"https:\/\/i0.wp.com\/ydjconsultingservices.com\/wp-content\/uploads\/2021\/02\/4.png?fit=580%2C326&amp;ssl=1\" class=\"attachment-large size-large wp-image-355\" alt=\"\" srcset=\"https:\/\/i0.wp.com\/ydjconsultingservices.com\/wp-content\/uploads\/2021\/02\/4.png?w=1920&amp;ssl=1 1920w, https:\/\/i0.wp.com\/ydjconsultingservices.com\/wp-content\/uploads\/2021\/02\/4.png?resize=300%2C169&amp;ssl=1 300w, https:\/\/i0.wp.com\/ydjconsultingservices.com\/wp-content\/uploads\/2021\/02\/4.png?resize=1024%2C576&amp;ssl=1 1024w, https:\/\/i0.wp.com\/ydjconsultingservices.com\/wp-content\/uploads\/2021\/02\/4.png?resize=768%2C432&amp;ssl=1 768w, https:\/\/i0.wp.com\/ydjconsultingservices.com\/wp-content\/uploads\/2021\/02\/4.png?resize=1536%2C864&amp;ssl=1 1536w, https:\/\/i0.wp.com\/ydjconsultingservices.com\/wp-content\/uploads\/2021\/02\/4.png?resize=360%2C203&amp;ssl=1 360w, https:\/\/i0.wp.com\/ydjconsultingservices.com\/wp-content\/uploads\/2021\/02\/4.png?w=1160&amp;ssl=1 1160w, https:\/\/i0.wp.com\/ydjconsultingservices.com\/wp-content\/uploads\/2021\/02\/4.png?w=1740&amp;ssl=1 1740w\" sizes=\"(max-width: 580px) 100vw, 580px\" \/>\t\t\t\t\t\t\t\t\t\t\t\t\t\t\t<\/div>\n\t\t\t\t<\/div>\n\t\t\t\t\t<\/div>\n\t\t<\/div>\n\t\t\t\t<div class=\"elementor-column elementor-col-50 elementor-top-column elementor-element elementor-element-39100310 elementor-invisible\" data-id=\"39100310\" data-element_type=\"column\" data-e-type=\"column\" data-settings=\"{&quot;background_background&quot;:&quot;classic&quot;,&quot;animation&quot;:&quot;fadeInDown&quot;}\">\n\t\t\t<div class=\"elementor-widget-wrap elementor-element-populated\">\n\t\t\t\t\t\t<div class=\"elementor-element elementor-element-567ebc8c elementor-view-default elementor-widget elementor-widget-icon\" data-id=\"567ebc8c\" data-element_type=\"widget\" data-e-type=\"widget\" data-widget_type=\"icon.default\">\n\t\t\t\t<div class=\"elementor-widget-container\">\n\t\t\t\t\t\t\t<div class=\"elementor-icon-wrapper\">\n\t\t\t<div class=\"elementor-icon\">\n\t\t\t<i aria-hidden=\"true\" class=\"fas fa-grip-vertical\"><\/i>\t\t\t<\/div>\n\t\t<\/div>\n\t\t\t\t\t\t<\/div>\n\t\t\t\t<\/div>\n\t\t\t\t<div class=\"elementor-element elementor-element-5708a19d elementor-widget elementor-widget-heading\" data-id=\"5708a19d\" data-element_type=\"widget\" data-e-type=\"widget\" data-widget_type=\"heading.default\">\n\t\t\t\t<div class=\"elementor-widget-container\">\n\t\t\t\t\t<h3 class=\"elementor-heading-title elementor-size-large\">Support for strategic thinking<\/h3>\t\t\t\t<\/div>\n\t\t\t\t<\/div>\n\t\t\t\t<div class=\"elementor-element elementor-element-d638b80 elementor-widget elementor-widget-text-editor\" data-id=\"d638b80\" data-element_type=\"widget\" data-e-type=\"widget\" data-widget_type=\"text-editor.default\">\n\t\t\t\t<div class=\"elementor-widget-container\">\n\t\t\t\t\t\t\t\t\t<p>Services aux organismes: YDMP appuie et accompagne les organismes \u00e0 but non lucratif dans leur r\u00e9flexion strat\u00e9gique pour la mise en place de l&#8217;organisme ainsi que la mise en oeuvre de leurs projets. Cet accompagnement se fait au niveau de :<\/p>\t\t\t\t\t\t\t\t<\/div>\n\t\t\t\t<\/div>\n\t\t\t\t\t<\/div>\n\t\t<\/div>\n\t\t\t\t\t<\/div>\n\t\t<\/section>\n\t\t\t\t<section class=\"elementor-section elementor-top-section elementor-element elementor-element-3522486d elementor-section-content-middle elementor-reverse-mobile elementor-section-stretched elementor-section-boxed elementor-section-height-default elementor-section-height-default\" data-id=\"3522486d\" data-element_type=\"section\" data-e-type=\"section\" data-settings=\"{&quot;background_background&quot;:&quot;classic&quot;,&quot;stretch_section&quot;:&quot;section-stretched&quot;}\">\n\t\t\t\t\t\t<div class=\"elementor-container elementor-column-gap-no\">\n\t\t\t\t\t<div class=\"elementor-column elementor-col-50 elementor-top-column elementor-element elementor-element-712d5163 elementor-invisible\" data-id=\"712d5163\" data-element_type=\"column\" data-e-type=\"column\" data-settings=\"{&quot;background_background&quot;:&quot;classic&quot;,&quot;animation&quot;:&quot;fadeInDown&quot;}\">\n\t\t\t<div class=\"elementor-widget-wrap elementor-element-populated\">\n\t\t\t\t\t\t<div class=\"elementor-element elementor-element-17a8b8e3 elementor-view-default elementor-widget elementor-widget-icon\" data-id=\"17a8b8e3\" data-element_type=\"widget\" data-e-type=\"widget\" data-widget_type=\"icon.default\">\n\t\t\t\t<div class=\"elementor-widget-container\">\n\t\t\t\t\t\t\t<div class=\"elementor-icon-wrapper\">\n\t\t\t<div class=\"elementor-icon\">\n\t\t\t<i aria-hidden=\"true\" class=\"fas fa-people-arrows\"><\/i>\t\t\t<\/div>\n\t\t<\/div>\n\t\t\t\t\t\t<\/div>\n\t\t\t\t<\/div>\n\t\t\t\t<div class=\"elementor-element elementor-element-1a60aecf elementor-widget elementor-widget-heading\" data-id=\"1a60aecf\" data-element_type=\"widget\" data-e-type=\"widget\" data-widget_type=\"heading.default\">\n\t\t\t\t<div class=\"elementor-widget-container\">\n\t\t\t\t\t<h3 class=\"elementor-heading-title elementor-size-large\">Governance support<\/h3>\t\t\t\t<\/div>\n\t\t\t\t<\/div>\n\t\t\t\t<div class=\"elementor-element elementor-element-7a8832de elementor-widget elementor-widget-text-editor\" data-id=\"7a8832de\" data-element_type=\"widget\" data-e-type=\"widget\" data-widget_type=\"text-editor.default\">\n\t\t\t\t<div class=\"elementor-widget-container\">\n\t\t\t\t\t\t\t\t\t<p>&#8211; L&#8217;incorporation de l&#8217;organisme, l&#8217;appui \u00e0 la gouvernance, l&#8217;organisation de l&#8217;assembl\u00e9e g\u00e9n\u00e9rale , la r\u00e9alisation de la planification strat\u00e9gique et la mise en place du plan d&#8217;activit\u00e9, l&#8217;appui \u00e0 l&#8217;embauche des employ\u00e9s, la r\u00e9daction des politiques et le conseil dans la planification et r\u00e9daction des projets.<\/p>\t\t\t\t\t\t\t\t<\/div>\n\t\t\t\t<\/div>\n\t\t\t\t\t<\/div>\n\t\t<\/div>\n\t\t\t\t<div class=\"elementor-column elementor-col-50 elementor-top-column elementor-element elementor-element-2ba3c2e8\" data-id=\"2ba3c2e8\" data-element_type=\"column\" data-e-type=\"column\">\n\t\t\t<div class=\"elementor-widget-wrap elementor-element-populated\">\n\t\t\t\t\t\t<div class=\"elementor-element elementor-element-383c8843 elementor-widget elementor-widget-image\" data-id=\"383c8843\" data-element_type=\"widget\" data-e-type=\"widget\" data-widget_type=\"image.default\">\n\t\t\t\t<div class=\"elementor-widget-container\">\n\t\t\t\t\t\t\t\t\t\t\t\t\t\t\t<img decoding=\"async\" width=\"580\" height=\"580\" src=\"https:\/\/i0.wp.com\/ydjconsultingservices.com\/wp-content\/uploads\/2021\/02\/13.png?fit=580%2C580&amp;ssl=1\" class=\"attachment-large size-large wp-image-364\" alt=\"\" srcset=\"https:\/\/i0.wp.com\/ydjconsultingservices.com\/wp-content\/uploads\/2021\/02\/13.png?w=600&amp;ssl=1 600w, https:\/\/i0.wp.com\/ydjconsultingservices.com\/wp-content\/uploads\/2021\/02\/13.png?resize=300%2C300&amp;ssl=1 300w, https:\/\/i0.wp.com\/ydjconsultingservices.com\/wp-content\/uploads\/2021\/02\/13.png?resize=150%2C150&amp;ssl=1 150w, https:\/\/i0.wp.com\/ydjconsultingservices.com\/wp-content\/uploads\/2021\/02\/13.png?resize=270%2C270&amp;ssl=1 270w\" sizes=\"(max-width: 580px) 100vw, 580px\" \/>\t\t\t\t\t\t\t\t\t\t\t\t\t\t\t<\/div>\n\t\t\t\t<\/div>\n\t\t\t\t\t<\/div>\n\t\t<\/div>\n\t\t\t\t\t<\/div>\n\t\t<\/section>\n\t\t\t\t<section class=\"elementor-section elementor-top-section elementor-element elementor-element-26dca199 elementor-section-stretched elementor-section-boxed elementor-section-height-default elementor-section-height-default elementor-invisible\" data-id=\"26dca199\" data-element_type=\"section\" data-e-type=\"section\" data-settings=\"{&quot;background_background&quot;:&quot;classic&quot;,&quot;stretch_section&quot;:&quot;section-stretched&quot;,&quot;animation&quot;:&quot;fadeInDown&quot;}\">\n\t\t\t\t\t\t\t<div class=\"elementor-background-overlay\"><\/div>\n\t\t\t\t\t\t\t<div class=\"elementor-container elementor-column-gap-default\">\n\t\t\t\t\t<div class=\"elementor-column elementor-col-100 elementor-top-column elementor-element elementor-element-5b434e2a\" data-id=\"5b434e2a\" data-element_type=\"column\" data-e-type=\"column\">\n\t\t\t<div class=\"elementor-widget-wrap elementor-element-populated\">\n\t\t\t\t\t\t<div class=\"elementor-element elementor-element-59d09e4 elementor-widget elementor-widget-heading\" data-id=\"59d09e4\" data-element_type=\"widget\" data-e-type=\"widget\" data-widget_type=\"heading.default\">\n\t\t\t\t<div class=\"elementor-widget-container\">\n\t\t\t\t\t<h2 class=\"elementor-heading-title elementor-size-large\">*Creation of organizations and companies<br>\n*Drafting of strategic plan<br>\n*Other (Report writing, project evaluation, feasibility studies)\n<\/h2>\t\t\t\t<\/div>\n\t\t\t\t<\/div>\n\t\t\t\t\t<\/div>\n\t\t<\/div>\n\t\t\t\t\t<\/div>\n\t\t<\/section>\n\t\t\t\t<\/div>","protected":false},"excerpt":{"rendered":"<p>Services aux organismes et aux entrepreneurs Accompagnement \u00e0 la r\u00e9flexion strat\u00e9gique Services aux organismes: YDMP appuie et accompagne les organismes \u00e0 but non lucratif dans leur r\u00e9flexion strat\u00e9gique pour la mise en place de l&#8217;organisme ainsi que la mise en oeuvre de leurs projets. Cet accompagnement se fait au niveau de : Accompagnement \u00e0 la [&hellip;]<\/p>\n","protected":false},"author":1,"featured_media":0,"parent":0,"menu_order":0,"comment_status":"closed","ping_status":"closed","template":"","meta":{"nf_dc_page":"","om_disable_all_campaigns":false,"_monsterinsights_skip_tracking":false,"_monsterinsights_sitenote_active":false,"_monsterinsights_sitenote_note":"","_monsterinsights_sitenote_category":0,"footnotes":""},"class_list":["post-64","page","type-page","status-publish","hentry"],"jetpack_sharing_enabled":true,"_links":{"self":[{"href":"https:\/\/ydjconsultingservices.com\/en\/wp-json\/wp\/v2\/pages\/64","targetHints":{"allow":["GET"]}}],"collection":[{"href":"https:\/\/ydjconsultingservices.com\/en\/wp-json\/wp\/v2\/pages"}],"about":[{"href":"https:\/\/ydjconsultingservices.com\/en\/wp-json\/wp\/v2\/types\/page"}],"author":[{"embeddable":true,"href":"https:\/\/ydjconsultingservices.com\/en\/wp-json\/wp\/v2\/users\/1"}],"replies":[{"embeddable":true,"href":"https:\/\/ydjconsultingservices.com\/en\/wp-json\/wp\/v2\/comments?post=64"}],"version-history":[{"count":5,"href":"https:\/\/ydjconsultingservices.com\/en\/wp-json\/wp\/v2\/pages\/64\/revisions"}],"predecessor-version":[{"id":627,"href":"https:\/\/ydjconsultingservices.com\/en\/wp-json\/wp\/v2\/pages\/64\/revisions\/627"}],"wp:attachment":[{"href":"https:\/\/ydjconsultingservices.com\/en\/wp-json\/wp\/v2\/media?parent=64"}],"curies":[{"name":"wp","href":"https:\/\/api.w.org\/{rel}","templated":true}]}}