{"id":65,"date":"2017-12-20T03:54:55","date_gmt":"2017-12-20T03:54:55","guid":{"rendered":"https:\/\/demo.axlethemes.com\/x-corporate-pro\/?page_id=65"},"modified":"2021-06-19T22:10:47","modified_gmt":"2021-06-19T22:10:47","slug":"consultation-en-sante-mentale","status":"publish","type":"page","link":"https:\/\/ydjconsultingservices.com\/en\/consultation-en-sante-mentale","title":{"rendered":"Mental Health Consultation"},"content":{"rendered":"<div data-elementor-type=\"wp-page\" data-elementor-id=\"65\" class=\"elementor elementor-65\">\n\t\t\t\t\t\t<section class=\"elementor-section elementor-top-section elementor-element elementor-element-b25c47b elementor-section-boxed elementor-section-height-default elementor-section-height-default\" data-id=\"b25c47b\" data-element_type=\"section\" data-e-type=\"section\">\n\t\t\t\t\t\t<div class=\"elementor-container elementor-column-gap-default\">\n\t\t\t\t\t<div class=\"elementor-column elementor-col-100 elementor-top-column elementor-element elementor-element-790cd95\" data-id=\"790cd95\" data-element_type=\"column\" data-e-type=\"column\">\n\t\t\t<div class=\"elementor-widget-wrap elementor-element-populated\">\n\t\t\t\t\t\t<div class=\"elementor-element elementor-element-fe1ff06 elementor-invisible elementor-widget elementor-widget-heading\" data-id=\"fe1ff06\" data-element_type=\"widget\" data-e-type=\"widget\" data-settings=\"{&quot;_animation&quot;:&quot;fadeInDown&quot;}\" data-widget_type=\"heading.default\">\n\t\t\t\t<div class=\"elementor-widget-container\">\n\t\t\t\t\t<h2 class=\"elementor-heading-title elementor-size-default\">Mental Health Consultation<\/h2>\t\t\t\t<\/div>\n\t\t\t\t<\/div>\n\t\t\t\t\t<\/div>\n\t\t<\/div>\n\t\t\t\t\t<\/div>\n\t\t<\/section>\n\t\t\t\t<section class=\"elementor-section elementor-top-section elementor-element elementor-element-44c84726 elementor-section-content-middle elementor-section-full_width elementor-section-stretched elementor-section-height-default elementor-section-height-default\" data-id=\"44c84726\" data-element_type=\"section\" data-e-type=\"section\" data-settings=\"{&quot;background_background&quot;:&quot;classic&quot;,&quot;stretch_section&quot;:&quot;section-stretched&quot;}\">\n\t\t\t\t\t\t<div class=\"elementor-container elementor-column-gap-no\">\n\t\t\t\t\t<div class=\"elementor-column elementor-col-50 elementor-top-column elementor-element elementor-element-1ee7121f\" data-id=\"1ee7121f\" data-element_type=\"column\" data-e-type=\"column\">\n\t\t\t<div class=\"elementor-widget-wrap elementor-element-populated\">\n\t\t\t\t\t\t<div class=\"elementor-element elementor-element-ce1c616 elementor-widget elementor-widget-image\" data-id=\"ce1c616\" data-element_type=\"widget\" data-e-type=\"widget\" data-settings=\"{&quot;_animation&quot;:&quot;none&quot;}\" data-widget_type=\"image.default\">\n\t\t\t\t<div class=\"elementor-widget-container\">\n\t\t\t\t\t\t\t\t\t\t\t\t\t\t\t<img fetchpriority=\"high\" decoding=\"async\" width=\"580\" height=\"326\" src=\"https:\/\/i0.wp.com\/ydjconsultingservices.com\/wp-content\/uploads\/2021\/02\/3-1.png?fit=580%2C326&amp;ssl=1\" class=\"attachment-medium_large size-medium_large wp-image-378\" alt=\"\" srcset=\"https:\/\/i0.wp.com\/ydjconsultingservices.com\/wp-content\/uploads\/2021\/02\/3-1.png?w=1920&amp;ssl=1 1920w, https:\/\/i0.wp.com\/ydjconsultingservices.com\/wp-content\/uploads\/2021\/02\/3-1.png?resize=300%2C169&amp;ssl=1 300w, https:\/\/i0.wp.com\/ydjconsultingservices.com\/wp-content\/uploads\/2021\/02\/3-1.png?resize=1024%2C576&amp;ssl=1 1024w, https:\/\/i0.wp.com\/ydjconsultingservices.com\/wp-content\/uploads\/2021\/02\/3-1.png?resize=768%2C432&amp;ssl=1 768w, https:\/\/i0.wp.com\/ydjconsultingservices.com\/wp-content\/uploads\/2021\/02\/3-1.png?resize=1536%2C864&amp;ssl=1 1536w, https:\/\/i0.wp.com\/ydjconsultingservices.com\/wp-content\/uploads\/2021\/02\/3-1.png?resize=1200%2C675&amp;ssl=1 1200w, https:\/\/i0.wp.com\/ydjconsultingservices.com\/wp-content\/uploads\/2021\/02\/3-1.png?w=1740&amp;ssl=1 1740w\" sizes=\"(max-width: 580px) 100vw, 580px\" \/>\t\t\t\t\t\t\t\t\t\t\t\t\t\t\t<\/div>\n\t\t\t\t<\/div>\n\t\t\t\t\t<\/div>\n\t\t<\/div>\n\t\t\t\t<div class=\"elementor-column elementor-col-50 elementor-top-column elementor-element elementor-element-72e00e28\" data-id=\"72e00e28\" data-element_type=\"column\" data-e-type=\"column\" data-settings=\"{&quot;background_background&quot;:&quot;classic&quot;}\">\n\t\t\t<div class=\"elementor-widget-wrap elementor-element-populated\">\n\t\t\t\t\t\t<div class=\"elementor-element elementor-element-3e9b0b34 elementor-view-default elementor-widget elementor-widget-icon\" data-id=\"3e9b0b34\" data-element_type=\"widget\" data-e-type=\"widget\" data-widget_type=\"icon.default\">\n\t\t\t\t<div class=\"elementor-widget-container\">\n\t\t\t\t\t\t\t<div class=\"elementor-icon-wrapper\">\n\t\t\t<div class=\"elementor-icon\">\n\t\t\t<i aria-hidden=\"true\" class=\"fas fa-grin-beam\"><\/i>\t\t\t<\/div>\n\t\t<\/div>\n\t\t\t\t\t\t<\/div>\n\t\t\t\t<\/div>\n\t\t\t\t<div class=\"elementor-element elementor-element-a91607f elementor-widget elementor-widget-heading\" data-id=\"a91607f\" data-element_type=\"widget\" data-e-type=\"widget\" data-widget_type=\"heading.default\">\n\t\t\t\t<div class=\"elementor-widget-container\">\n\t\t\t\t\t<h3 class=\"elementor-heading-title elementor-size-large\"> Who can benefit from this service?<\/h3>\t\t\t\t<\/div>\n\t\t\t\t<\/div>\n\t\t\t\t<div class=\"elementor-element elementor-element-6ad84ff3 elementor-widget elementor-widget-text-editor\" data-id=\"6ad84ff3\" data-element_type=\"widget\" data-e-type=\"widget\" data-widget_type=\"text-editor.default\">\n\t\t\t\t<div class=\"elementor-widget-container\">\n\t\t\t\t\t\t\t\t\t<p>We accompany various client profiles (adults, youth, couples and families) to find solutions to their relational conflicts and to manage their emotions in the face of anxiety, depression, stress and other challenges. In order to strengthen their resilience in the face of various problems encountered as a result of compassion fatigue, burnout or other realities of life.<\/p>\t\t\t\t\t\t\t\t<\/div>\n\t\t\t\t<\/div>\n\t\t\t\t\t<\/div>\n\t\t<\/div>\n\t\t\t\t\t<\/div>\n\t\t<\/section>\n\t\t\t\t<section class=\"elementor-section elementor-top-section elementor-element elementor-element-25229457 elementor-section-content-middle elementor-reverse-mobile elementor-section-stretched elementor-section-boxed elementor-section-height-default elementor-section-height-default\" data-id=\"25229457\" data-element_type=\"section\" data-e-type=\"section\" data-settings=\"{&quot;background_background&quot;:&quot;classic&quot;,&quot;stretch_section&quot;:&quot;section-stretched&quot;}\">\n\t\t\t\t\t\t<div class=\"elementor-container elementor-column-gap-no\">\n\t\t\t\t\t<div class=\"elementor-column elementor-col-50 elementor-top-column elementor-element elementor-element-922c9aa\" data-id=\"922c9aa\" data-element_type=\"column\" data-e-type=\"column\" data-settings=\"{&quot;background_background&quot;:&quot;classic&quot;}\">\n\t\t\t<div class=\"elementor-widget-wrap elementor-element-populated\">\n\t\t\t\t\t\t<div class=\"elementor-element elementor-element-7e5dec49 elementor-view-default elementor-widget elementor-widget-icon\" data-id=\"7e5dec49\" data-element_type=\"widget\" data-e-type=\"widget\" data-widget_type=\"icon.default\">\n\t\t\t\t<div class=\"elementor-widget-container\">\n\t\t\t\t\t\t\t<div class=\"elementor-icon-wrapper\">\n\t\t\t<div class=\"elementor-icon\">\n\t\t\t<i aria-hidden=\"true\" class=\"far fa-arrow-alt-circle-right\"><\/i>\t\t\t<\/div>\n\t\t<\/div>\n\t\t\t\t\t\t<\/div>\n\t\t\t\t<\/div>\n\t\t\t\t<div class=\"elementor-element elementor-element-23d846b4 elementor-widget elementor-widget-heading\" data-id=\"23d846b4\" data-element_type=\"widget\" data-e-type=\"widget\" data-widget_type=\"heading.default\">\n\t\t\t\t<div class=\"elementor-widget-container\">\n\t\t\t\t\t<h3 class=\"elementor-heading-title elementor-size-large\">Our method of intervention<\/h3>\t\t\t\t<\/div>\n\t\t\t\t<\/div>\n\t\t\t\t<div class=\"elementor-element elementor-element-44be4e16 elementor-widget elementor-widget-text-editor\" data-id=\"44be4e16\" data-element_type=\"widget\" data-e-type=\"widget\" data-widget_type=\"text-editor.default\">\n\t\t\t\t<div class=\"elementor-widget-container\">\n\t\t\t\t\t\t\t\t\t<p><span data-sheets-value=\"{\" data-sheets-userformat=\"{\"><strong>M\u00e9thodes d&#8217;intervention :<\/strong> Individual Intervention Marriage and Family Intervention<\/span><\/p><p><span data-sheets-value=\"{\" data-sheets-userformat=\"{\">Group Intervention Community Intervention<\/span><\/p><p><span data-sheets-value=\"{\" data-sheets-userformat=\"{\"><br \/><strong>Approaches and techniques used:<\/strong> <\/span><\/p><p><span data-sheets-value=\"{\" data-sheets-userformat=\"{\">Cognitive behavioral therapy<\/span><\/p><p><span data-sheets-value=\"{\" data-sheets-userformat=\"{\"> Brief therapy<\/span><\/p><p><span data-sheets-value=\"{\" data-sheets-userformat=\"{\">Solution-focused therapy<\/span><\/p><p><span data-sheets-value=\"{\" data-sheets-userformat=\"{\"> Systemic theory<\/span><\/p><p><span data-sheets-value=\"{\" data-sheets-userformat=\"{\"> Interpersonal theory<\/span><\/p><p><span data-sheets-value=\"{\" data-sheets-userformat=\"{\"> Feminist approach<\/span><\/p><p><span data-sheets-value=\"{\" data-sheets-userformat=\"{\"> Multicultural approach<\/span><span data-sheets-value=\"{\" data-sheets-userformat=\"{\">Inclusive values by respecting the beliefs of each client<\/span><\/p>\t\t\t\t\t\t\t\t<\/div>\n\t\t\t\t<\/div>\n\t\t\t\t\t<\/div>\n\t\t<\/div>\n\t\t\t\t<div class=\"elementor-column elementor-col-50 elementor-top-column elementor-element elementor-element-5a8dab08\" data-id=\"5a8dab08\" data-element_type=\"column\" data-e-type=\"column\">\n\t\t\t<div class=\"elementor-widget-wrap elementor-element-populated\">\n\t\t\t\t\t\t<div class=\"elementor-element elementor-element-792cde4c elementor-invisible elementor-widget elementor-widget-image\" data-id=\"792cde4c\" data-element_type=\"widget\" data-e-type=\"widget\" data-settings=\"{&quot;_animation&quot;:&quot;fadeInDown&quot;}\" data-widget_type=\"image.default\">\n\t\t\t\t<div class=\"elementor-widget-container\">\n\t\t\t\t\t\t\t\t\t\t\t\t\t\t\t<img decoding=\"async\" width=\"570\" height=\"498\" src=\"https:\/\/i0.wp.com\/ydjconsultingservices.com\/wp-content\/uploads\/2021\/03\/library.jpg?fit=570%2C498&amp;ssl=1\" class=\"attachment-large size-large wp-image-472\" alt=\"\" srcset=\"https:\/\/i0.wp.com\/ydjconsultingservices.com\/wp-content\/uploads\/2021\/03\/library.jpg?w=570&amp;ssl=1 570w, https:\/\/i0.wp.com\/ydjconsultingservices.com\/wp-content\/uploads\/2021\/03\/library.jpg?resize=300%2C262&amp;ssl=1 300w\" sizes=\"(max-width: 570px) 100vw, 570px\" \/>\t\t\t\t\t\t\t\t\t\t\t\t\t\t\t<\/div>\n\t\t\t\t<\/div>\n\t\t\t\t\t<\/div>\n\t\t<\/div>\n\t\t\t\t\t<\/div>\n\t\t<\/section>\n\t\t\t\t<\/div>","protected":false},"excerpt":{"rendered":"<p>Consultation en sant\u00e9 mentale Qui peut b\u00e9n\u00e9ficier de ce service? Nous accompagnons divers profils de clients ( adultes, jeunes, couple et famille) \u00e0 trouver des solutions \u00e0 leurs conflits relationnels et \u00e0 g\u00e9rer ses \u00e9motions face \u00e0 l\u2019anxi\u00e9t\u00e9, d\u00e9pression,le stress et autres d\u00e9fis. Afin de renforcer leur r\u00e9silience face aux diff\u00e9rents probl\u00e8mes rencontr\u00e9s suite \u00e0 [&hellip;]<\/p>\n","protected":false},"author":1,"featured_media":0,"parent":0,"menu_order":0,"comment_status":"closed","ping_status":"closed","template":"","meta":{"nf_dc_page":"","om_disable_all_campaigns":false,"_monsterinsights_skip_tracking":false,"_monsterinsights_sitenote_active":false,"_monsterinsights_sitenote_note":"","_monsterinsights_sitenote_category":0,"footnotes":""},"class_list":["post-65","page","type-page","status-publish","hentry"],"jetpack_sharing_enabled":true,"_links":{"self":[{"href":"https:\/\/ydjconsultingservices.com\/en\/wp-json\/wp\/v2\/pages\/65","targetHints":{"allow":["GET"]}}],"collection":[{"href":"https:\/\/ydjconsultingservices.com\/en\/wp-json\/wp\/v2\/pages"}],"about":[{"href":"https:\/\/ydjconsultingservices.com\/en\/wp-json\/wp\/v2\/types\/page"}],"author":[{"embeddable":true,"href":"https:\/\/ydjconsultingservices.com\/en\/wp-json\/wp\/v2\/users\/1"}],"replies":[{"embeddable":true,"href":"https:\/\/ydjconsultingservices.com\/en\/wp-json\/wp\/v2\/comments?post=65"}],"version-history":[{"count":5,"href":"https:\/\/ydjconsultingservices.com\/en\/wp-json\/wp\/v2\/pages\/65\/revisions"}],"predecessor-version":[{"id":624,"href":"https:\/\/ydjconsultingservices.com\/en\/wp-json\/wp\/v2\/pages\/65\/revisions\/624"}],"wp:attachment":[{"href":"https:\/\/ydjconsultingservices.com\/en\/wp-json\/wp\/v2\/media?parent=65"}],"curies":[{"name":"wp","href":"https:\/\/api.w.org\/{rel}","templated":true}]}}